{"id":405093,"date":"2025-05-17T10:01:27","date_gmt":"2025-05-17T10:01:27","guid":{"rendered":"https:\/\/irankiuzona.lt\/product\/irankiu-komplektas-1-21-4-raktu-komplektas-82daliu\/"},"modified":"2026-04-21T18:05:01","modified_gmt":"2026-04-21T18:05:01","slug":"irankiu-komplektas-1-21-4-raktu-komplektas-82daliu","status":"publish","type":"product","link":"https:\/\/irankiuzona.lt\/ru\/product\/irankiu-komplektas-1-21-4-raktu-komplektas-82daliu\/","title":{"rendered":"\u012eranki\u0173 komplektas 1\/2&quot;+1\/4&quot; + rakt\u0173 komplektas , 82dali\u0173"},"content":{"rendered":"<p>1\/2\u2033 Galvut\u0117s: 14; 15; 16; 17; 18; 19; 20; 22; 24 mm, L = 38 mm; 27; 30; 32 mm, L = 42 mm1\/4\u2033 Galvut\u0117s: 4; 4,5; 5; 5,5; 6; 7; 8; 9; 10; 11; 12; 13; 14 mm, L = 25 mm1\/2\u2033 Terk\u0161l\u0117: 72T, 255 mm1\/4\u2033 Terk\u0161l\u0117: 72T, 155mm1\/4\u2033 stumdoma ranken\u0117l\u0117, 152,4 mm1\/4\u2033 atsuktuvo rankena, 150 mm1\/2\u2033 prailginimas: 125 mm; 250 mm1\/4\u2033 prailginimas: 50 mm; 100 mmLankstus prailginimas 1\/4\u2033 150 mm\u017dvaki\u0173 galvut\u0117s: 16; 21 mmKardano jungtis: 1\/2\u2033 ir 1\/4\u2033\u201dSuma\u017einimas: F3\/8\u2033 x M1\/2\u2033Raktai: 8; 10; 11; 12; 13; 14;17; 19; 22 mm1\/4\u2033 bit\u0173 adapteris5\/16\u2033 bit\u0173 adapteris5\/16\u2033 bitai:TORX: T40; T45; T50; T55Kry\u017eius PHILIPS: Ph3; Ph4Kry\u017eius POZIDRIV: Pz3; Pz4Butas: 8; 10; 12 mm\u0160e\u0161iakampis: 8; 10; 12; 14 mmTorx atsuktuvo antgaliai ant 1\/4\u2033 lizdo: T8; T10; T15; T20; T25; T30Phillips kry\u017eminiai atsuktuvai su 1\/4\u2033 lizdu: Ph1; Ph2Pozidriv kry\u017eminio atsuktuvo antgaliai ant 1\/4\u2033 lizdo: Pz1; Pz2Plok\u0161ti atsuktuvo antgaliai ant 1\/4\u2033 lizdo: 4; 5,5; 7 mm\u0160e\u0161iakampiai atsuktuvai su 1\/4\u2033 lizdu: 3; 4; 5; 6 mm<\/p>","protected":false},"excerpt":{"rendered":"<p>\u012eranki\u0173 komplektas 1\/2&quot;+1\/4&quot; + rakt\u0173 komplektas , 82dali\u0173<\/p>","protected":false},"featured_media":405095,"comment_status":"open","ping_status":"closed","template":"","meta":[],"product_cat":[9491],"product_tag":[10104],"class_list":{"0":"post-405093","1":"product","2":"type-product","3":"status-publish","4":"has-post-thumbnail","6":"product_brand-kraftdele","7":"product_cat-kombinuoti-irankiu-komplektai-1-4-3-8-1-2","8":"product_tag-kraftdele","10":"first","11":"instock","12":"purchasable","13":"product-type-simple"},"jetpack_sharing_enabled":true,"_links":{"self":[{"href":"https:\/\/irankiuzona.lt\/ru\/wp-json\/wp\/v2\/product\/405093","targetHints":{"allow":["GET"]}}],"collection":[{"href":"https:\/\/irankiuzona.lt\/ru\/wp-json\/wp\/v2\/product"}],"about":[{"href":"https:\/\/irankiuzona.lt\/ru\/wp-json\/wp\/v2\/types\/product"}],"replies":[{"embeddable":true,"href":"https:\/\/irankiuzona.lt\/ru\/wp-json\/wp\/v2\/comments?post=405093"}],"version-history":[{"count":1,"href":"https:\/\/irankiuzona.lt\/ru\/wp-json\/wp\/v2\/product\/405093\/revisions"}],"predecessor-version":[{"id":426641,"href":"https:\/\/irankiuzona.lt\/ru\/wp-json\/wp\/v2\/product\/405093\/revisions\/426641"}],"wp:featuredmedia":[{"embeddable":true,"href":"https:\/\/irankiuzona.lt\/ru\/wp-json\/wp\/v2\/media\/405095"}],"wp:attachment":[{"href":"https:\/\/irankiuzona.lt\/ru\/wp-json\/wp\/v2\/media?parent=405093"}],"wp:term":[{"taxonomy":"product_cat","embeddable":true,"href":"https:\/\/irankiuzona.lt\/ru\/wp-json\/wp\/v2\/product_cat?post=405093"},{"taxonomy":"product_tag","embeddable":true,"href":"https:\/\/irankiuzona.lt\/ru\/wp-json\/wp\/v2\/product_tag?post=405093"}],"curies":[{"name":"wp","href":"https:\/\/api.w.org\/{rel}","templated":true}]}}