{"id":405240,"date":"2025-05-28T00:57:09","date_gmt":"2025-05-28T00:57:09","guid":{"rendered":"https:\/\/irankiuzona.lt\/product\/galastuvas-150w-2\/"},"modified":"2026-05-09T05:48:05","modified_gmt":"2026-05-09T05:48:05","slug":"galastuvas-150w-2","status":"publish","type":"product","link":"https:\/\/irankiuzona.lt\/ru\/product\/galastuvas-150w-2\/","title":{"rendered":"Gal\u0105stuvas 150W"},"content":{"rendered":"<p>Techniniai duomenysMaitinimo \u012ftampa: 230V \/ 50HzVariklio galia: 150WDisko skersmuo: 150 mmDisko tvirtinimo anga: 12,7 mm (1\/2 colio)Tu\u0161\u010diosios eigos greitis: 2950 aps.\/minPagrindo matmenys: 140 x 130 mmD\u0117\u017eut\u0117s matmenys: 29 x 18 x 16,5 cmMaitinimo kabelio ilgis: 1,6 mSvoris:4,41kg<\/p>","protected":false},"excerpt":{"rendered":"<p>Gal\u0105stuvas 150W<\/p>","protected":false},"featured_media":250052,"comment_status":"open","ping_status":"open","template":"","meta":[],"product_cat":[10081],"product_tag":[9810],"class_list":{"0":"post-405240","1":"product","2":"type-product","3":"status-publish","4":"has-post-thumbnail","6":"product_brand-geko-lenkija","7":"product_cat-elektriniai-galastuvai","8":"product_tag-geko-lenkija","10":"first","11":"instock","12":"purchasable","13":"product-type-simple"},"jetpack_sharing_enabled":true,"_links":{"self":[{"href":"https:\/\/irankiuzona.lt\/ru\/wp-json\/wp\/v2\/product\/405240","targetHints":{"allow":["GET"]}}],"collection":[{"href":"https:\/\/irankiuzona.lt\/ru\/wp-json\/wp\/v2\/product"}],"about":[{"href":"https:\/\/irankiuzona.lt\/ru\/wp-json\/wp\/v2\/types\/product"}],"replies":[{"embeddable":true,"href":"https:\/\/irankiuzona.lt\/ru\/wp-json\/wp\/v2\/comments?post=405240"}],"version-history":[{"count":1,"href":"https:\/\/irankiuzona.lt\/ru\/wp-json\/wp\/v2\/product\/405240\/revisions"}],"predecessor-version":[{"id":418681,"href":"https:\/\/irankiuzona.lt\/ru\/wp-json\/wp\/v2\/product\/405240\/revisions\/418681"}],"wp:featuredmedia":[{"embeddable":true,"href":"https:\/\/irankiuzona.lt\/ru\/wp-json\/wp\/v2\/media\/250052"}],"wp:attachment":[{"href":"https:\/\/irankiuzona.lt\/ru\/wp-json\/wp\/v2\/media?parent=405240"}],"wp:term":[{"taxonomy":"product_cat","embeddable":true,"href":"https:\/\/irankiuzona.lt\/ru\/wp-json\/wp\/v2\/product_cat?post=405240"},{"taxonomy":"product_tag","embeddable":true,"href":"https:\/\/irankiuzona.lt\/ru\/wp-json\/wp\/v2\/product_tag?post=405240"}],"curies":[{"name":"wp","href":"https:\/\/api.w.org\/{rel}","templated":true}]}}