{"id":405250,"date":"2025-05-28T01:03:58","date_gmt":"2025-05-28T01:03:58","guid":{"rendered":"https:\/\/irankiuzona.lt\/product\/graveris-slifuoklis-antgaliai-40vnt-2\/"},"modified":"2026-04-12T04:14:28","modified_gmt":"2026-04-12T04:14:28","slug":"graveris-slifuoklis-antgaliai-40vnt-2","status":"publish","type":"product","link":"https:\/\/irankiuzona.lt\/ru\/product\/graveris-slifuoklis-antgaliai-40vnt-2\/","title":{"rendered":"Graveris \u0161lifuoklis +antgaliai 40vnt."},"content":{"rendered":"<p>Techniniai duomenys\u012ftampa: 230V ~ 50HzGalia: 170 WApsaugos klas\u0117: IIKintamas greitis: 15000 &#8211; 35000 aps.\/minTriuk\u0161mo lygis: 88 dBVibracija: 2,5 m \/ s\u00b2Svoris:1,42kg<\/p>","protected":false},"excerpt":{"rendered":"<p>Graveris \u0161lifuoklis +antgaliai<\/p>","protected":false},"featured_media":251117,"comment_status":"open","ping_status":"open","template":"","meta":[],"product_cat":[9808],"product_tag":[9810],"class_list":{"0":"post-405250","1":"product","2":"type-product","3":"status-publish","4":"has-post-thumbnail","6":"product_brand-geko-lenkija","7":"product_cat-graveriai-preciziniai-mini-slifuokliai","8":"product_tag-geko-lenkija","10":"first","11":"instock","12":"purchasable","13":"product-type-simple"},"jetpack_sharing_enabled":true,"_links":{"self":[{"href":"https:\/\/irankiuzona.lt\/ru\/wp-json\/wp\/v2\/product\/405250","targetHints":{"allow":["GET"]}}],"collection":[{"href":"https:\/\/irankiuzona.lt\/ru\/wp-json\/wp\/v2\/product"}],"about":[{"href":"https:\/\/irankiuzona.lt\/ru\/wp-json\/wp\/v2\/types\/product"}],"replies":[{"embeddable":true,"href":"https:\/\/irankiuzona.lt\/ru\/wp-json\/wp\/v2\/comments?post=405250"}],"version-history":[{"count":1,"href":"https:\/\/irankiuzona.lt\/ru\/wp-json\/wp\/v2\/product\/405250\/revisions"}],"predecessor-version":[{"id":419024,"href":"https:\/\/irankiuzona.lt\/ru\/wp-json\/wp\/v2\/product\/405250\/revisions\/419024"}],"wp:featuredmedia":[{"embeddable":true,"href":"https:\/\/irankiuzona.lt\/ru\/wp-json\/wp\/v2\/media\/251117"}],"wp:attachment":[{"href":"https:\/\/irankiuzona.lt\/ru\/wp-json\/wp\/v2\/media?parent=405250"}],"wp:term":[{"taxonomy":"product_cat","embeddable":true,"href":"https:\/\/irankiuzona.lt\/ru\/wp-json\/wp\/v2\/product_cat?post=405250"},{"taxonomy":"product_tag","embeddable":true,"href":"https:\/\/irankiuzona.lt\/ru\/wp-json\/wp\/v2\/product_tag?post=405250"}],"curies":[{"name":"wp","href":"https:\/\/api.w.org\/{rel}","templated":true}]}}