{"id":405294,"date":"2025-05-28T01:38:37","date_gmt":"2025-05-28T01:38:37","guid":{"rendered":"https:\/\/irankiuzona.lt\/product\/dulkiu-siurblys-pramoninis-25l-1500w-2\/"},"modified":"2026-05-14T11:14:42","modified_gmt":"2026-05-14T11:14:42","slug":"dulkiu-siurblys-pramoninis-25l-1500w-2","status":"publish","type":"product","link":"https:\/\/irankiuzona.lt\/ru\/product\/dulkiu-siurblys-pramoninis-25l-1500w-2\/","title":{"rendered":"Dulki\u0173 siurblys pramoninis 25L , 1500W"},"content":{"rendered":"<p>Skirtas siurbti sausai ir \u0161lapiaiNer\u016bdijan\u010dio plieno korpusas<br \/>\nTechniniai duomenysNominali galia: 1500W\u012e\u0117jimo \u012ftampa: 220-240V\/50HzTalpa: 25LSiurbimo \u017earnos skersmuo: 35 mmSiurbimo \u017earnos ilgis: 2 mKabelio ilgis: 2,5 m<\/p>","protected":false},"excerpt":{"rendered":"<p>Dulki\u0173 siurblys pramoninis 25L , 1500W<\/p>","protected":false},"featured_media":257337,"comment_status":"open","ping_status":"open","template":"","meta":[],"product_cat":[9955],"product_tag":[9810],"class_list":{"0":"post-405294","1":"product","2":"type-product","3":"status-publish","4":"has-post-thumbnail","6":"product_brand-geko-lenkija","7":"product_cat-dulkiu-siurbliai","8":"product_tag-geko-lenkija","10":"first","11":"outofstock","12":"purchasable","13":"product-type-simple"},"jetpack_sharing_enabled":true,"_links":{"self":[{"href":"https:\/\/irankiuzona.lt\/ru\/wp-json\/wp\/v2\/product\/405294","targetHints":{"allow":["GET"]}}],"collection":[{"href":"https:\/\/irankiuzona.lt\/ru\/wp-json\/wp\/v2\/product"}],"about":[{"href":"https:\/\/irankiuzona.lt\/ru\/wp-json\/wp\/v2\/types\/product"}],"replies":[{"embeddable":true,"href":"https:\/\/irankiuzona.lt\/ru\/wp-json\/wp\/v2\/comments?post=405294"}],"version-history":[{"count":1,"href":"https:\/\/irankiuzona.lt\/ru\/wp-json\/wp\/v2\/product\/405294\/revisions"}],"predecessor-version":[{"id":420938,"href":"https:\/\/irankiuzona.lt\/ru\/wp-json\/wp\/v2\/product\/405294\/revisions\/420938"}],"wp:featuredmedia":[{"embeddable":true,"href":"https:\/\/irankiuzona.lt\/ru\/wp-json\/wp\/v2\/media\/257337"}],"wp:attachment":[{"href":"https:\/\/irankiuzona.lt\/ru\/wp-json\/wp\/v2\/media?parent=405294"}],"wp:term":[{"taxonomy":"product_cat","embeddable":true,"href":"https:\/\/irankiuzona.lt\/ru\/wp-json\/wp\/v2\/product_cat?post=405294"},{"taxonomy":"product_tag","embeddable":true,"href":"https:\/\/irankiuzona.lt\/ru\/wp-json\/wp\/v2\/product_tag?post=405294"}],"curies":[{"name":"wp","href":"https:\/\/api.w.org\/{rel}","templated":true}]}}