{"id":405296,"date":"2025-05-28T01:38:41","date_gmt":"2025-05-28T01:38:41","guid":{"rendered":"https:\/\/irankiuzona.lt\/product\/hidroforas-50l-2\/"},"modified":"2026-05-09T10:09:09","modified_gmt":"2026-05-09T10:09:09","slug":"hidroforas-50l-2","status":"publish","type":"product","link":"https:\/\/irankiuzona.lt\/ru\/product\/hidroforas-50l-2\/","title":{"rendered":"Hidroforas 50L"},"content":{"rendered":"<p>Pilnas hidrofor\u0173 komplektas, sumontuotas su diafragminiu baku. Savisiurbiai siurbliai yra i\u0161centriniai siurbliai, kurie gali naudoti oro ir vandens mi\u0161in\u012f, kad b\u016bt\u0173 pasiekta visi\u0161kai u\u017epildyta siurbimo pad\u0117tis. JET serijos savisiurbis siurblys skirtas \u0161variam vandeniui, juo galima pakelti vanden\u012f i\u0161 gr\u0119\u017eini\u0173, tvenkini\u0173 ir rezervuar\u0173, taip pat galima laistyti sodus, dar\u017eus, vandens \u012fpur\u0161kimui, automobili\u0173 plovimui, taip pat buitiniam vandens tiekimui.<br \/>\nPrek\u0117s savyb\u0117s:<br \/>\nGalingas 1100W variklisAsinchroninis variklis u\u017edarytas ir au\u0161inamas i\u0161orine ventiliacijaBako t\u016bris 50LSiurbimas iki 60 l\/minMaksimalus darbinis sl\u0117gis: 8 barai (800 kPa)Skys\u010dio temperat\u016bra iki +40\u00b0CTinka \u0161variam vandeniui: PH 6,5 &#8211; 8,5Kietos priemai\u0161os ne daugiau kaip 0,1 %<br \/>\nTechniniai duomenys:<br \/>\nEnergijos s\u0105naudos: 1100WMaks. Absorbcijos auk\u0161tis: 8 mMaks. I\u0161krovimo atstumas: 50 mSiurbimas: iki 60 l\/minGreitis be apkrovos: 3450 aps.\/minJungiamosios \u017earnos tipas: plona 30Maks. Aplinkos temperat\u016bra: +40\u00b0CV\u0117sinimas: I\u0161orinis v\u0117dinimasSiurblio korpusas: ketausVariklio apvija: varin\u0117 vielaVariklio korpusas: aliuminisApsaugos laipsnis: IP44<\/p>","protected":false},"excerpt":{"rendered":"<p>Hidroforas 50L<\/p>","protected":false},"featured_media":257346,"comment_status":"open","ping_status":"open","template":"","meta":[],"product_cat":[9960],"product_tag":[9810],"class_list":{"0":"post-405296","1":"product","2":"type-product","3":"status-publish","4":"has-post-thumbnail","6":"product_brand-geko-lenkija","7":"product_cat-pompos-siurbliai-skysciams","8":"product_tag-geko-lenkija","10":"first","11":"outofstock","12":"purchasable","13":"product-type-simple"},"jetpack_sharing_enabled":true,"_links":{"self":[{"href":"https:\/\/irankiuzona.lt\/ru\/wp-json\/wp\/v2\/product\/405296","targetHints":{"allow":["GET"]}}],"collection":[{"href":"https:\/\/irankiuzona.lt\/ru\/wp-json\/wp\/v2\/product"}],"about":[{"href":"https:\/\/irankiuzona.lt\/ru\/wp-json\/wp\/v2\/types\/product"}],"replies":[{"embeddable":true,"href":"https:\/\/irankiuzona.lt\/ru\/wp-json\/wp\/v2\/comments?post=405296"}],"version-history":[{"count":1,"href":"https:\/\/irankiuzona.lt\/ru\/wp-json\/wp\/v2\/product\/405296\/revisions"}],"predecessor-version":[{"id":420941,"href":"https:\/\/irankiuzona.lt\/ru\/wp-json\/wp\/v2\/product\/405296\/revisions\/420941"}],"wp:featuredmedia":[{"embeddable":true,"href":"https:\/\/irankiuzona.lt\/ru\/wp-json\/wp\/v2\/media\/257346"}],"wp:attachment":[{"href":"https:\/\/irankiuzona.lt\/ru\/wp-json\/wp\/v2\/media?parent=405296"}],"wp:term":[{"taxonomy":"product_cat","embeddable":true,"href":"https:\/\/irankiuzona.lt\/ru\/wp-json\/wp\/v2\/product_cat?post=405296"},{"taxonomy":"product_tag","embeddable":true,"href":"https:\/\/irankiuzona.lt\/ru\/wp-json\/wp\/v2\/product_tag?post=405296"}],"curies":[{"name":"wp","href":"https:\/\/api.w.org\/{rel}","templated":true}]}}