{"id":405342,"date":"2025-05-28T03:05:36","date_gmt":"2025-05-28T03:05:36","guid":{"rendered":"https:\/\/irankiuzona.lt\/product\/peiliu-galastuvas-3-etapu-2\/"},"modified":"2026-05-14T00:51:32","modified_gmt":"2026-05-14T00:51:32","slug":"peiliu-galastuvas-3-etapu-2","status":"publish","type":"product","link":"https:\/\/irankiuzona.lt\/ru\/product\/peiliu-galastuvas-3-etapu-2\/","title":{"rendered":"Peili\u0173 gal\u0105stuvas 3-etap\u0173"},"content":{"rendered":"<p>Peili\u0173 gal\u0105stuvas 3-etap\u0173<\/p>","protected":false},"excerpt":{"rendered":"<p>Peili\u0173 gal\u0105stuvas 3-etap\u0173<\/p>","protected":false},"featured_media":264863,"comment_status":"open","ping_status":"open","template":"","meta":[],"product_cat":[9617],"product_tag":[9810],"class_list":{"0":"post-405342","1":"product","2":"type-product","3":"status-publish","4":"has-post-thumbnail","6":"product_brand-geko-lenkija","7":"product_cat-slifavimo-akmenukai","8":"product_tag-geko-lenkija","10":"first","11":"instock","12":"purchasable","13":"product-type-simple"},"jetpack_sharing_enabled":true,"_links":{"self":[{"href":"https:\/\/irankiuzona.lt\/ru\/wp-json\/wp\/v2\/product\/405342","targetHints":{"allow":["GET"]}}],"collection":[{"href":"https:\/\/irankiuzona.lt\/ru\/wp-json\/wp\/v2\/product"}],"about":[{"href":"https:\/\/irankiuzona.lt\/ru\/wp-json\/wp\/v2\/types\/product"}],"replies":[{"embeddable":true,"href":"https:\/\/irankiuzona.lt\/ru\/wp-json\/wp\/v2\/comments?post=405342"}],"version-history":[{"count":1,"href":"https:\/\/irankiuzona.lt\/ru\/wp-json\/wp\/v2\/product\/405342\/revisions"}],"predecessor-version":[{"id":423404,"href":"https:\/\/irankiuzona.lt\/ru\/wp-json\/wp\/v2\/product\/405342\/revisions\/423404"}],"wp:featuredmedia":[{"embeddable":true,"href":"https:\/\/irankiuzona.lt\/ru\/wp-json\/wp\/v2\/media\/264863"}],"wp:attachment":[{"href":"https:\/\/irankiuzona.lt\/ru\/wp-json\/wp\/v2\/media?parent=405342"}],"wp:term":[{"taxonomy":"product_cat","embeddable":true,"href":"https:\/\/irankiuzona.lt\/ru\/wp-json\/wp\/v2\/product_cat?post=405342"},{"taxonomy":"product_tag","embeddable":true,"href":"https:\/\/irankiuzona.lt\/ru\/wp-json\/wp\/v2\/product_tag?post=405342"}],"curies":[{"name":"wp","href":"https:\/\/api.w.org\/{rel}","templated":true}]}}