{"id":405368,"date":"2025-05-28T03:17:29","date_gmt":"2025-05-28T03:17:29","guid":{"rendered":"https:\/\/irankiuzona.lt\/product\/tepalas-2-takciams-varikliams-1l-2\/"},"modified":"2026-05-13T17:05:42","modified_gmt":"2026-05-13T17:05:42","slug":"tepalas-2-takciams-varikliams-1l-2","status":"publish","type":"product","link":"https:\/\/irankiuzona.lt\/ru\/product\/tepalas-2-takciams-varikliams-1l-2\/","title":{"rendered":"Tepalas 2-tak\u010diams varikliams 1L"},"content":{"rendered":"<p>\u012eprasta doz\u0117 yra 1:50 (2 % alyvos degaluose) arba didesn\u0117, jei rekomenduoja variklio gamintojas.<\/p>","protected":false},"excerpt":{"rendered":"<p>Tepalas 2-tak\u010diams varikliams 1L<\/p>","protected":false},"featured_media":266859,"comment_status":"open","ping_status":"open","template":"","meta":[],"product_cat":[9824],"product_tag":[9810],"class_list":{"0":"post-405368","1":"product","2":"type-product","3":"status-publish","4":"has-post-thumbnail","6":"product_brand-geko-lenkija","7":"product_cat-autochemija","8":"product_tag-geko-lenkija","10":"first","11":"instock","12":"purchasable","13":"product-type-simple"},"jetpack_sharing_enabled":true,"_links":{"self":[{"href":"https:\/\/irankiuzona.lt\/ru\/wp-json\/wp\/v2\/product\/405368","targetHints":{"allow":["GET"]}}],"collection":[{"href":"https:\/\/irankiuzona.lt\/ru\/wp-json\/wp\/v2\/product"}],"about":[{"href":"https:\/\/irankiuzona.lt\/ru\/wp-json\/wp\/v2\/types\/product"}],"replies":[{"embeddable":true,"href":"https:\/\/irankiuzona.lt\/ru\/wp-json\/wp\/v2\/comments?post=405368"}],"version-history":[{"count":1,"href":"https:\/\/irankiuzona.lt\/ru\/wp-json\/wp\/v2\/product\/405368\/revisions"}],"predecessor-version":[{"id":424081,"href":"https:\/\/irankiuzona.lt\/ru\/wp-json\/wp\/v2\/product\/405368\/revisions\/424081"}],"wp:featuredmedia":[{"embeddable":true,"href":"https:\/\/irankiuzona.lt\/ru\/wp-json\/wp\/v2\/media\/266859"}],"wp:attachment":[{"href":"https:\/\/irankiuzona.lt\/ru\/wp-json\/wp\/v2\/media?parent=405368"}],"wp:term":[{"taxonomy":"product_cat","embeddable":true,"href":"https:\/\/irankiuzona.lt\/ru\/wp-json\/wp\/v2\/product_cat?post=405368"},{"taxonomy":"product_tag","embeddable":true,"href":"https:\/\/irankiuzona.lt\/ru\/wp-json\/wp\/v2\/product_tag?post=405368"}],"curies":[{"name":"wp","href":"https:\/\/api.w.org\/{rel}","templated":true}]}}