{"id":405390,"date":"2025-05-28T03:32:54","date_gmt":"2025-05-28T03:32:54","guid":{"rendered":"https:\/\/irankiuzona.lt\/product\/elektrine-traukimo-gerve-12v-su-pultu-1134kg-2\/"},"modified":"2026-05-10T02:01:39","modified_gmt":"2026-05-10T02:01:39","slug":"elektrine-traukimo-gerve-12v-su-pultu-1134kg-2","status":"publish","type":"product","link":"https:\/\/irankiuzona.lt\/ru\/product\/elektrine-traukimo-gerve-12v-su-pultu-1134kg-2\/","title":{"rendered":"Elektrin\u0117 traukimo gerv\u0117 12V su pultu 1134kg"},"content":{"rendered":"<p>Technin\u0117s specifikacijos:<br \/>\nTraukimas: 1134 kg (2500 LB)Maitinimo \u012ftampa: 12VVariklio galia: 0,9 kW (1,2 KM)Pavaros: planetin\u0117, diferencialasSuma\u017e\u0117jimas: 153:1Virv\u0117s ilgis: 12mVirv\u0117s skersmuo: 4,8 mmB\u016bgnas (skersmuo\/ilgis): 31 mm \/ 72 mmGerv\u0117s matmenys (P x A x G): 295 x 105 x 120 mmAtstumas tarp tvirtinimo ang\u0173: 80 mm<\/p>","protected":false},"excerpt":{"rendered":"<p>Elektrin\u0117 traukimo gerv\u0117 12V su pultu 1134kg<\/p>","protected":false},"featured_media":269380,"comment_status":"open","ping_status":"open","template":"","meta":[],"product_cat":[9766],"product_tag":[9810],"class_list":{"0":"post-405390","1":"product","2":"type-product","3":"status-publish","4":"has-post-thumbnail","6":"product_brand-geko-lenkija","7":"product_cat-elektriniai-telferiai-elektriniai-keltuvai","8":"product_tag-geko-lenkija","10":"first","11":"outofstock","12":"purchasable","13":"product-type-simple"},"jetpack_sharing_enabled":true,"_links":{"self":[{"href":"https:\/\/irankiuzona.lt\/ru\/wp-json\/wp\/v2\/product\/405390","targetHints":{"allow":["GET"]}}],"collection":[{"href":"https:\/\/irankiuzona.lt\/ru\/wp-json\/wp\/v2\/product"}],"about":[{"href":"https:\/\/irankiuzona.lt\/ru\/wp-json\/wp\/v2\/types\/product"}],"replies":[{"embeddable":true,"href":"https:\/\/irankiuzona.lt\/ru\/wp-json\/wp\/v2\/comments?post=405390"}],"version-history":[{"count":1,"href":"https:\/\/irankiuzona.lt\/ru\/wp-json\/wp\/v2\/product\/405390\/revisions"}],"predecessor-version":[{"id":424962,"href":"https:\/\/irankiuzona.lt\/ru\/wp-json\/wp\/v2\/product\/405390\/revisions\/424962"}],"wp:featuredmedia":[{"embeddable":true,"href":"https:\/\/irankiuzona.lt\/ru\/wp-json\/wp\/v2\/media\/269380"}],"wp:attachment":[{"href":"https:\/\/irankiuzona.lt\/ru\/wp-json\/wp\/v2\/media?parent=405390"}],"wp:term":[{"taxonomy":"product_cat","embeddable":true,"href":"https:\/\/irankiuzona.lt\/ru\/wp-json\/wp\/v2\/product_cat?post=405390"},{"taxonomy":"product_tag","embeddable":true,"href":"https:\/\/irankiuzona.lt\/ru\/wp-json\/wp\/v2\/product_tag?post=405390"}],"curies":[{"name":"wp","href":"https:\/\/api.w.org\/{rel}","templated":true}]}}