{"id":405414,"date":"2025-05-28T03:52:28","date_gmt":"2025-05-28T03:52:28","guid":{"rendered":"https:\/\/irankiuzona.lt\/product\/plastiko-litavimo-aparatas-70w-su-kabemis-200vnt-2\/"},"modified":"2026-05-16T21:38:22","modified_gmt":"2026-05-16T21:38:22","slug":"plastiko-litavimo-aparatas-70w-su-kabemis-200vnt-2","status":"publish","type":"product","link":"https:\/\/irankiuzona.lt\/ru\/product\/plastiko-litavimo-aparatas-70w-su-kabemis-200vnt-2\/","title":{"rendered":"Plastiko litavimo aparatas 70W su kab\u0117mis 200vnt"},"content":{"rendered":"<p>Techniniai duomenys:\u00a0\u00a0\u00a0 galia: 70W\u00a0\u00a0\u00a0 maitinimas: 230V\u00a0\u00a0\u00a0 susegimo temperat\u016bra: iki 600\u00b0C\u00a0\u00a0\u00a0 elektrod\u0173 plotis kab\u0117s montavimo vietoje: 13-15mm\u00a0\u00a0\u00a0 dydis: 22,5 cm x 15,3 cm\u00a0\u00a0\u00a0 maitinimo laido ilgis: 155 cm\u00a0\u00a0\u00a0 LED ap\u0161vietimas: taip\u00a0\u00a0\u00a0 \u012fkaista: per 3 sekundesKomplekte:\u00a0\u00a0\u00a0 70W plastiko suvirinimo aparatas\u00a0\u00a0\u00a0 200 segtuk\u0173 (po 50vnt, skirting\u0173 form\u0173)\u00a0\u00a0\u00a0 Repl\u0117s\u00a0\u00a0\u00a0 Peilis\u00a0\u00a0\u00a0 Viskas yra patogiame, ne\u0161iojamame plastikiniame d\u0117kle<\/p>","protected":false},"excerpt":{"rendered":"<p>Plastiko suvirinimo aparatas 70W su kab\u0117mis (200vnt.) GEKO-81281<\/p>","protected":false},"featured_media":373932,"comment_status":"open","ping_status":"open","template":"","meta":[],"product_cat":[9878],"product_tag":[9810],"class_list":{"0":"post-405414","1":"product","2":"type-product","3":"status-publish","4":"has-post-thumbnail","6":"product_brand-geko-lenkija","7":"product_cat-plastmases-litavimas","8":"product_tag-geko-lenkija","10":"first","11":"instock","12":"purchasable","13":"product-type-simple"},"jetpack_sharing_enabled":true,"_links":{"self":[{"href":"https:\/\/irankiuzona.lt\/ru\/wp-json\/wp\/v2\/product\/405414","targetHints":{"allow":["GET"]}}],"collection":[{"href":"https:\/\/irankiuzona.lt\/ru\/wp-json\/wp\/v2\/product"}],"about":[{"href":"https:\/\/irankiuzona.lt\/ru\/wp-json\/wp\/v2\/types\/product"}],"replies":[{"embeddable":true,"href":"https:\/\/irankiuzona.lt\/ru\/wp-json\/wp\/v2\/comments?post=405414"}],"version-history":[{"count":1,"href":"https:\/\/irankiuzona.lt\/ru\/wp-json\/wp\/v2\/product\/405414\/revisions"}],"predecessor-version":[{"id":426062,"href":"https:\/\/irankiuzona.lt\/ru\/wp-json\/wp\/v2\/product\/405414\/revisions\/426062"}],"wp:featuredmedia":[{"embeddable":true,"href":"https:\/\/irankiuzona.lt\/ru\/wp-json\/wp\/v2\/media\/373932"}],"wp:attachment":[{"href":"https:\/\/irankiuzona.lt\/ru\/wp-json\/wp\/v2\/media?parent=405414"}],"wp:term":[{"taxonomy":"product_cat","embeddable":true,"href":"https:\/\/irankiuzona.lt\/ru\/wp-json\/wp\/v2\/product_cat?post=405414"},{"taxonomy":"product_tag","embeddable":true,"href":"https:\/\/irankiuzona.lt\/ru\/wp-json\/wp\/v2\/product_tag?post=405414"}],"curies":[{"name":"wp","href":"https:\/\/api.w.org\/{rel}","templated":true}]}}