{"id":405425,"date":"2025-05-28T03:57:40","date_gmt":"2025-05-28T03:57:40","guid":{"rendered":"https:\/\/irankiuzona.lt\/product\/sodo-krepsys-sulankstomas\/"},"modified":"2026-05-14T07:43:07","modified_gmt":"2026-05-14T07:43:07","slug":"sodo-krepsys-sulankstomas","status":"publish","type":"product","link":"https:\/\/irankiuzona.lt\/ru\/product\/sodo-krepsys-sulankstomas\/","title":{"rendered":"Sodo krep\u0161ys sulankstomas"},"content":{"rendered":"<p>88x45x45 cmOXFORD 210D<\/p>","protected":false},"excerpt":{"rendered":"<p>Sulankstomas r\u0117mas su mai\u0161u \u0161iuk\u0161l\u0117ms, lapams ir pana\u0161iai<\/p>","protected":false},"featured_media":405427,"comment_status":"open","ping_status":"open","template":"","meta":[],"product_cat":[9944],"product_tag":[10151],"class_list":{"0":"post-405425","1":"product","2":"type-product","3":"status-publish","4":"has-post-thumbnail","6":"product_brand-lenkija-tiekejas","7":"product_cat-sodo-darzo-irankiai","8":"product_tag-lenkija-tiekejas","10":"first","11":"instock","12":"purchasable","13":"product-type-simple"},"jetpack_sharing_enabled":true,"_links":{"self":[{"href":"https:\/\/irankiuzona.lt\/ru\/wp-json\/wp\/v2\/product\/405425","targetHints":{"allow":["GET"]}}],"collection":[{"href":"https:\/\/irankiuzona.lt\/ru\/wp-json\/wp\/v2\/product"}],"about":[{"href":"https:\/\/irankiuzona.lt\/ru\/wp-json\/wp\/v2\/types\/product"}],"replies":[{"embeddable":true,"href":"https:\/\/irankiuzona.lt\/ru\/wp-json\/wp\/v2\/comments?post=405425"}],"version-history":[{"count":1,"href":"https:\/\/irankiuzona.lt\/ru\/wp-json\/wp\/v2\/product\/405425\/revisions"}],"predecessor-version":[{"id":426347,"href":"https:\/\/irankiuzona.lt\/ru\/wp-json\/wp\/v2\/product\/405425\/revisions\/426347"}],"wp:featuredmedia":[{"embeddable":true,"href":"https:\/\/irankiuzona.lt\/ru\/wp-json\/wp\/v2\/media\/405427"}],"wp:attachment":[{"href":"https:\/\/irankiuzona.lt\/ru\/wp-json\/wp\/v2\/media?parent=405425"}],"wp:term":[{"taxonomy":"product_cat","embeddable":true,"href":"https:\/\/irankiuzona.lt\/ru\/wp-json\/wp\/v2\/product_cat?post=405425"},{"taxonomy":"product_tag","embeddable":true,"href":"https:\/\/irankiuzona.lt\/ru\/wp-json\/wp\/v2\/product_tag?post=405425"}],"curies":[{"name":"wp","href":"https:\/\/api.w.org\/{rel}","templated":true}]}}