{"id":405571,"date":"2025-06-16T07:21:07","date_gmt":"2025-06-16T07:21:07","guid":{"rendered":"https:\/\/irankiuzona.lt\/product\/universalus-konsistencinis-tepalas-su-mos2-400g-2\/"},"modified":"2026-04-10T19:20:36","modified_gmt":"2026-04-10T19:20:36","slug":"universalus-konsistencinis-tepalas-su-mos2-400g-2","status":"publish","type":"product","link":"https:\/\/irankiuzona.lt\/ru\/product\/universalus-konsistencinis-tepalas-su-mos2-400g-2\/","title":{"rendered":"Universalus konsistencinis tepalas su MoS2 400g"},"content":{"rendered":"<p>Universalus daugiafunkcinis elastinis li\u010dio tepalas atlaikantis itin auk\u0161t\u0105 sl\u0117g\u012f, kurio pagrind\u0105 sudaro itin rafinuotas mineralin\u0117s alyvos pagrindasAuk\u0161tui sl\u0117giui ir dilimui atspariais molibdeno disulfido priedais ir tepamuoju grafitu, kuris pasi\u017eym\u012f dideliu kar\u0161\u010dio atsparumu, sandarinimo savyb\u0117mis ir puikiomis antitrinties bei ekstremalaus sl\u0117gio charakteristikomisI\u0161laiko savo darbines savyb\u0119s iki +120\u00b0C. Ko pasekoje prailg\u0117ja guoli\u0173 tarnavimo laikasPuikiai sukimba su metaliniais pavir\u0161iais, sudaro stipri\u0105 tepimo pl\u0117vel\u0119, kuri prisideda prie sutepam\u0173 agregat\u0173 na\u0161umo padid\u0117jimoU\u017etikrina efektyv\u0173 ribin\u012f tepim\u0105 esant auk\u0161tam sl\u0117giui ir temperat\u016braiD\u0117l pritaikyto ES (ekstremalus sl\u0117gis) &#8211; priedai atlaiko ekstremalias ir sm\u016bgines apkrovasSpeciali\u0173 antioksidant\u0173 ir antikorozini\u0173 pried\u0173 d\u0117ka patikimai apsaugo guolius ir kitas dalis nuo korozijos net dirbant dr\u0117gnoje ir tar\u0161ioje aplinkojeTuri ger\u0105 termin\u012f stabilum\u0105, kuris garantuoja tepalo stabilum\u0105 esant temperat\u016bros svyravimams, o mechaninis stabilumas, neleis tepalui i\u0161sispausti, taip pat nepraras savo konsistencijos eksploatacijos metu, o tai suma\u017eina tepalo nuostolius ir sunaudojim\u0105Atsparus oksidacijai, nesudaro nuos\u0117d\u0173I\u0161saugo plasti\u0161kumo ir lipnumo savybes ilg\u0105 tarnavimo laik\u0105Tepalo konsistencija i\u0161lieka pastovi nors ir sand\u0117liuojant ilg\u0105 laik\u0105Naudojimas: tepti galima \u012fvairias transporto, \u017eem\u0117s \u016bkio ir bekel\u0117s technikos komponentus, veikian\u010dius esant padidintoms ir (arba) sm\u016bgin\u0117ms apkrovoms ar vibracijai dulk\u0117toje, \u0161lapioje ir (arba) sausoje aplinkoje: kardanini\u0173 velen\u0173 skersiniai, pasukamos movos su \u0161erdimis, pusa\u0161i\u0173 granatos, slydimo ir ried\u0117jimo guoliai, va\u017eiuoklei ir kitoms didel\u0117s apkrovos trinties mazgamsDIN 51502 KPF2K-30Atitinka 2 klas\u0119 pagal NLGI klasifikacij\u0105Darbin\u0117 temperat\u016bra nuo -30 iki +130\u00b0CSpalva juodaSvoris 400 g<\/p>","protected":false},"excerpt":{"rendered":"<p>Universalus konsistencinis li\u010dio tepalas su molibdenu MoS2 400g \/ juodos spalvos<\/p>","protected":false},"featured_media":264205,"comment_status":"open","ping_status":"open","template":"","meta":[],"product_cat":[9824],"product_tag":[],"class_list":{"0":"post-405571","1":"product","2":"type-product","3":"status-publish","4":"has-post-thumbnail","6":"product_cat-autochemija","8":"first","9":"instock","10":"purchasable","11":"product-type-simple"},"jetpack_sharing_enabled":true,"_links":{"self":[{"href":"https:\/\/irankiuzona.lt\/ru\/wp-json\/wp\/v2\/product\/405571","targetHints":{"allow":["GET"]}}],"collection":[{"href":"https:\/\/irankiuzona.lt\/ru\/wp-json\/wp\/v2\/product"}],"about":[{"href":"https:\/\/irankiuzona.lt\/ru\/wp-json\/wp\/v2\/types\/product"}],"replies":[{"embeddable":true,"href":"https:\/\/irankiuzona.lt\/ru\/wp-json\/wp\/v2\/comments?post=405571"}],"version-history":[{"count":1,"href":"https:\/\/irankiuzona.lt\/ru\/wp-json\/wp\/v2\/product\/405571\/revisions"}],"predecessor-version":[{"id":423176,"href":"https:\/\/irankiuzona.lt\/ru\/wp-json\/wp\/v2\/product\/405571\/revisions\/423176"}],"wp:featuredmedia":[{"embeddable":true,"href":"https:\/\/irankiuzona.lt\/ru\/wp-json\/wp\/v2\/media\/264205"}],"wp:attachment":[{"href":"https:\/\/irankiuzona.lt\/ru\/wp-json\/wp\/v2\/media?parent=405571"}],"wp:term":[{"taxonomy":"product_cat","embeddable":true,"href":"https:\/\/irankiuzona.lt\/ru\/wp-json\/wp\/v2\/product_cat?post=405571"},{"taxonomy":"product_tag","embeddable":true,"href":"https:\/\/irankiuzona.lt\/ru\/wp-json\/wp\/v2\/product_tag?post=405571"}],"curies":[{"name":"wp","href":"https:\/\/api.w.org\/{rel}","templated":true}]}}