{"id":405583,"date":"2025-06-16T07:36:17","date_gmt":"2025-06-16T07:36:17","guid":{"rendered":"https:\/\/irankiuzona.lt\/product\/padidinimo-stiklas-2-linzes-led-3-5x-45x\/"},"modified":"2026-04-10T17:27:53","modified_gmt":"2026-04-10T17:27:53","slug":"padidinimo-stiklas-2-linzes-led-3-5x-45x","status":"publish","type":"product","link":"https:\/\/irankiuzona.lt\/ru\/product\/padidinimo-stiklas-2-linzes-led-3-5x-45x\/","title":{"rendered":"Padidinimo stiklas 2 linz\u0117s \/ Led 3.5X\/45X"},"content":{"rendered":"<p>Med\u017eiaga: ABSMatmenys: 192 x 82 x 28 mmSvoris: 130 g (be baterij\u0173)Maitinimo \u0161altinis: 3 x AAA<\/p>","protected":false},"excerpt":{"rendered":"<p>Padidinimo stiklas 2 linz\u0117s \/ Led 3.5X\/45X<\/p>","protected":false},"featured_media":405585,"comment_status":"open","ping_status":"open","template":"","meta":[],"product_cat":[9759],"product_tag":[9483],"class_list":{"0":"post-405583","1":"product","2":"type-product","3":"status-publish","4":"has-post-thumbnail","6":"product_brand-yato-lenkija","7":"product_cat-padidinimo-stiklai","8":"product_tag-yato-lenkija","10":"first","11":"instock","12":"purchasable","13":"product-type-simple"},"jetpack_sharing_enabled":true,"_links":{"self":[{"href":"https:\/\/irankiuzona.lt\/ru\/wp-json\/wp\/v2\/product\/405583","targetHints":{"allow":["GET"]}}],"collection":[{"href":"https:\/\/irankiuzona.lt\/ru\/wp-json\/wp\/v2\/product"}],"about":[{"href":"https:\/\/irankiuzona.lt\/ru\/wp-json\/wp\/v2\/types\/product"}],"replies":[{"embeddable":true,"href":"https:\/\/irankiuzona.lt\/ru\/wp-json\/wp\/v2\/comments?post=405583"}],"version-history":[{"count":1,"href":"https:\/\/irankiuzona.lt\/ru\/wp-json\/wp\/v2\/product\/405583\/revisions"}],"predecessor-version":[{"id":423797,"href":"https:\/\/irankiuzona.lt\/ru\/wp-json\/wp\/v2\/product\/405583\/revisions\/423797"}],"wp:featuredmedia":[{"embeddable":true,"href":"https:\/\/irankiuzona.lt\/ru\/wp-json\/wp\/v2\/media\/405585"}],"wp:attachment":[{"href":"https:\/\/irankiuzona.lt\/ru\/wp-json\/wp\/v2\/media?parent=405583"}],"wp:term":[{"taxonomy":"product_cat","embeddable":true,"href":"https:\/\/irankiuzona.lt\/ru\/wp-json\/wp\/v2\/product_cat?post=405583"},{"taxonomy":"product_tag","embeddable":true,"href":"https:\/\/irankiuzona.lt\/ru\/wp-json\/wp\/v2\/product_tag?post=405583"}],"curies":[{"name":"wp","href":"https:\/\/api.w.org\/{rel}","templated":true}]}}