{"id":405586,"date":"2025-06-16T07:37:10","date_gmt":"2025-06-16T07:37:10","guid":{"rendered":"https:\/\/irankiuzona.lt\/product\/apdailos-ardymo-rankenele-200mm\/"},"modified":"2026-04-10T19:21:56","modified_gmt":"2026-04-10T19:21:56","slug":"apdailos-ardymo-rankenele-200mm","status":"publish","type":"product","link":"https:\/\/irankiuzona.lt\/ru\/product\/apdailos-ardymo-rankenele-200mm\/","title":{"rendered":"Apdailos ardymo rankenel\u0117 200mm"},"content":{"rendered":"<p>Naudojamas saugiai atsegti apmu\u0161al\u0173 laikiklius, naudojamus vidaus ir automobilio k\u0117bulo elementams sujungtiNeslystanti rankenaMatmenys: galvos skersmuo vir\u0161 10 mm; ilgis 200 mm; plotis 14 mm; kai\u0161\u010dio plotis 8 mm<\/p>","protected":false},"excerpt":{"rendered":"<p>Apdailos ardymo rankenel\u0117 200mm<\/p>","protected":false},"featured_media":405588,"comment_status":"open","ping_status":"open","template":"","meta":[],"product_cat":[9529],"product_tag":[9483],"class_list":{"0":"post-405586","1":"product","2":"type-product","3":"status-publish","4":"has-post-thumbnail","6":"product_brand-yato-lenkija","7":"product_cat-irankiai-apdailos-ardymui","8":"product_tag-yato-lenkija","10":"first","11":"instock","12":"purchasable","13":"product-type-simple"},"jetpack_sharing_enabled":true,"_links":{"self":[{"href":"https:\/\/irankiuzona.lt\/ru\/wp-json\/wp\/v2\/product\/405586","targetHints":{"allow":["GET"]}}],"collection":[{"href":"https:\/\/irankiuzona.lt\/ru\/wp-json\/wp\/v2\/product"}],"about":[{"href":"https:\/\/irankiuzona.lt\/ru\/wp-json\/wp\/v2\/types\/product"}],"replies":[{"embeddable":true,"href":"https:\/\/irankiuzona.lt\/ru\/wp-json\/wp\/v2\/comments?post=405586"}],"version-history":[{"count":1,"href":"https:\/\/irankiuzona.lt\/ru\/wp-json\/wp\/v2\/product\/405586\/revisions"}],"predecessor-version":[{"id":423826,"href":"https:\/\/irankiuzona.lt\/ru\/wp-json\/wp\/v2\/product\/405586\/revisions\/423826"}],"wp:featuredmedia":[{"embeddable":true,"href":"https:\/\/irankiuzona.lt\/ru\/wp-json\/wp\/v2\/media\/405588"}],"wp:attachment":[{"href":"https:\/\/irankiuzona.lt\/ru\/wp-json\/wp\/v2\/media?parent=405586"}],"wp:term":[{"taxonomy":"product_cat","embeddable":true,"href":"https:\/\/irankiuzona.lt\/ru\/wp-json\/wp\/v2\/product_cat?post=405586"},{"taxonomy":"product_tag","embeddable":true,"href":"https:\/\/irankiuzona.lt\/ru\/wp-json\/wp\/v2\/product_tag?post=405586"}],"curies":[{"name":"wp","href":"https:\/\/api.w.org\/{rel}","templated":true}]}}