{"id":405623,"date":"2025-06-16T08:26:40","date_gmt":"2025-06-16T08:26:40","guid":{"rendered":"https:\/\/irankiuzona.lt\/product\/smuginis-verzliasukis-su-priedais-18v-40ah-200-nm\/"},"modified":"2026-04-10T22:19:25","modified_gmt":"2026-04-10T22:19:25","slug":"smuginis-verzliasukis-su-priedais-18v-40ah-200-nm","status":"publish","type":"product","link":"https:\/\/irankiuzona.lt\/ru\/product\/smuginis-verzliasukis-su-priedais-18v-40ah-200-nm\/","title":{"rendered":"Sm\u016bginis ver\u017elias\u016bkis su priedais 18V 4,0Ah 200 Nm"},"content":{"rendered":"<p>Veiksmingas \u012frenginys, u\u017etikrinantis darbo lengvum\u0105 ir greit\u012f, norint greitai \u012fsukti ir i\u0161sukti, taip pat atsukti ir priver\u017eti net ilgus var\u017etus medyje ir lak\u0161tiniame metale. Metalini\u0173 ir medini\u0173 konstrukcij\u0173 dideli\u0173 var\u017et\u0173 ir ver\u017eli\u0173 atsukimas ir priver\u017eimas. Puikiai tinka dailid\u017ei\u0173 dirbtuv\u0117ms ir \u012fmon\u0117ms, kurian\u010dioms karkasines konstrukcijas i\u0161 metalo ir med\u017eio. Sukurta darbams, kuri\u0173 negalima lengvai atlikti su standartiniu gr\u0105\u017etu-suktuvu.<br \/>\nSavyb\u0117s:Maksimalus sukimo momentas \u2013 200 Nm.Rankena \u2013 \u0161e\u0161iakamp\u0117, 1\/4\u201d HEX tipo.Sukimosi greitis: 0-900\/0-2000\/0-2800 min.Sukimo momentas pavaromis: 85\/ 150 200 Nm.Poveikio greitis: 0\u20133100 IPM;3 sukimosi grei\u010dio \/ sukimo momento nustatymai;Grei\u010dio reguliavimas maitinimo jungikliu.Mink\u0161ta, neslystanti rankena.De\u0161inysis ir kairysis sukimosi krypties jungiklis.Metalinis pavar\u0173 d\u0117\u017e\u0117s korpusas.LED \u0161viesa.Svoris \u2013 1,17 kg.Metalinis pavar\u0173 d\u0117\u017e\u0117s korpusas.Metalin\u0117s pavar\u0173 d\u0117\u017e\u0117s mechanizmas.Variklis be \u0161epet\u0117li\u0173.Prietaiso apsauga nuo perkaitimo.OneAccuSystem.\u012etampa \u2013 18 V.<br \/>\nHT2E242-C60:<br \/>\n\u012etampa 18 V.Srov\u0117 4 A.Svoris 0,56 kg.Apsaugos \u2013 nuo \u200b\u200bperkaitimo, perkrovimo, trumpojo jungimo.\u012ekrovimo proceso indikatorius.2 A baterijos \u012fkrovimo laikas (80 %) \u2013 30 min.4 A baterijos \u012fkrovimo laikas (80 %) \u2013 60 min.6 A baterijos \u012fkrovimo laikas (80 %) \u2013 90 min.<\/p>\n<p>HT2E240-A40:<br \/>\nLi\u010dio jon\u0173 technologija.\u012etampa \u2013 18 V.Talpa \u2013 4,0 Ah.Svoris \u2013 0,67 kg.Apsauga nuo perkaitimo, perkrovimo, trumpojo jungimo.\u012ekrovimo lygis.<\/p>","protected":false},"excerpt":{"rendered":"<p>Sm\u016bginis ver\u017elias\u016bkis su priedais 18V 4,0Ah 200 Nm<\/p>","protected":false},"featured_media":405625,"comment_status":"open","ping_status":"open","template":"","meta":[],"product_cat":[10114],"product_tag":[9969],"class_list":{"0":"post-405623","1":"product","2":"type-product","3":"status-publish","4":"has-post-thumbnail","6":"product_brand-hogert-technik-vokietija","7":"product_cat-1-2-smuginiai-akumuliatoriniai-verzliasukiai","8":"product_tag-hogert-technik-vokietija","10":"first","11":"outofstock","12":"purchasable","13":"product-type-simple"},"jetpack_sharing_enabled":true,"_links":{"self":[{"href":"https:\/\/irankiuzona.lt\/ru\/wp-json\/wp\/v2\/product\/405623","targetHints":{"allow":["GET"]}}],"collection":[{"href":"https:\/\/irankiuzona.lt\/ru\/wp-json\/wp\/v2\/product"}],"about":[{"href":"https:\/\/irankiuzona.lt\/ru\/wp-json\/wp\/v2\/types\/product"}],"replies":[{"embeddable":true,"href":"https:\/\/irankiuzona.lt\/ru\/wp-json\/wp\/v2\/comments?post=405623"}],"version-history":[{"count":1,"href":"https:\/\/irankiuzona.lt\/ru\/wp-json\/wp\/v2\/product\/405623\/revisions"}],"predecessor-version":[{"id":425933,"href":"https:\/\/irankiuzona.lt\/ru\/wp-json\/wp\/v2\/product\/405623\/revisions\/425933"}],"wp:featuredmedia":[{"embeddable":true,"href":"https:\/\/irankiuzona.lt\/ru\/wp-json\/wp\/v2\/media\/405625"}],"wp:attachment":[{"href":"https:\/\/irankiuzona.lt\/ru\/wp-json\/wp\/v2\/media?parent=405623"}],"wp:term":[{"taxonomy":"product_cat","embeddable":true,"href":"https:\/\/irankiuzona.lt\/ru\/wp-json\/wp\/v2\/product_cat?post=405623"},{"taxonomy":"product_tag","embeddable":true,"href":"https:\/\/irankiuzona.lt\/ru\/wp-json\/wp\/v2\/product_tag?post=405623"}],"curies":[{"name":"wp","href":"https:\/\/api.w.org\/{rel}","templated":true}]}}