{"id":405643,"date":"2025-06-16T08:46:12","date_gmt":"2025-06-16T08:46:12","guid":{"rendered":"https:\/\/irankiuzona.lt\/product\/plevele-apsaugine-lipni-60cm-50m\/"},"modified":"2026-05-06T20:15:29","modified_gmt":"2026-05-06T20:15:29","slug":"plevele-apsaugine-lipni-60cm-50m","status":"publish","type":"product","link":"https:\/\/irankiuzona.lt\/ru\/product\/plevele-apsaugine-lipni-60cm-50m\/","title":{"rendered":"Pl\u0117vel\u0117 apsaugin\u0117 lipni 60cm \/ 50m"},"content":{"rendered":"<p>Med\u017eiaga: PEIlgis: 50mStoris: 45\u00b5mPlotis: 60 cmRi\u0161iklis: modifikuotas akrilasSpalva: m\u0117lyna, skaidriAtsparumas UV spinduliams: taip, iki 50 dien\u0173Toler&#8230;<\/p>","protected":false},"excerpt":{"rendered":"<p>Pl\u0117vel\u0117 apsaugin\u0117 lipni 60cm \/ 50m<\/p>","protected":false},"featured_media":405645,"comment_status":"open","ping_status":"open","template":"","meta":[],"product_cat":[9556],"product_tag":[9483],"class_list":{"0":"post-405643","1":"product","2":"type-product","3":"status-publish","4":"has-post-thumbnail","6":"product_brand-yato-lenkija","7":"product_cat-irankiai-kebulo-lyginimui","8":"product_tag-yato-lenkija","10":"first","11":"outofstock","12":"purchasable","13":"product-type-simple"},"jetpack_sharing_enabled":true,"_links":{"self":[{"href":"https:\/\/irankiuzona.lt\/ru\/wp-json\/wp\/v2\/product\/405643","targetHints":{"allow":["GET"]}}],"collection":[{"href":"https:\/\/irankiuzona.lt\/ru\/wp-json\/wp\/v2\/product"}],"about":[{"href":"https:\/\/irankiuzona.lt\/ru\/wp-json\/wp\/v2\/types\/product"}],"replies":[{"embeddable":true,"href":"https:\/\/irankiuzona.lt\/ru\/wp-json\/wp\/v2\/comments?post=405643"}],"version-history":[{"count":1,"href":"https:\/\/irankiuzona.lt\/ru\/wp-json\/wp\/v2\/product\/405643\/revisions"}],"predecessor-version":[{"id":426700,"href":"https:\/\/irankiuzona.lt\/ru\/wp-json\/wp\/v2\/product\/405643\/revisions\/426700"}],"wp:featuredmedia":[{"embeddable":true,"href":"https:\/\/irankiuzona.lt\/ru\/wp-json\/wp\/v2\/media\/405645"}],"wp:attachment":[{"href":"https:\/\/irankiuzona.lt\/ru\/wp-json\/wp\/v2\/media?parent=405643"}],"wp:term":[{"taxonomy":"product_cat","embeddable":true,"href":"https:\/\/irankiuzona.lt\/ru\/wp-json\/wp\/v2\/product_cat?post=405643"},{"taxonomy":"product_tag","embeddable":true,"href":"https:\/\/irankiuzona.lt\/ru\/wp-json\/wp\/v2\/product_tag?post=405643"}],"curies":[{"name":"wp","href":"https:\/\/api.w.org\/{rel}","templated":true}]}}