{"id":405652,"date":"2025-06-16T08:46:28","date_gmt":"2025-06-16T08:46:28","guid":{"rendered":"https:\/\/irankiuzona.lt\/product\/tarpiniu-sandarinimo-ziedu-isemimo-irankiai\/"},"modified":"2026-04-13T02:09:32","modified_gmt":"2026-04-13T02:09:32","slug":"tarpiniu-sandarinimo-ziedu-isemimo-irankiai","status":"publish","type":"product","link":"https:\/\/irankiuzona.lt\/ru\/product\/tarpiniu-sandarinimo-ziedu-isemimo-irankiai\/","title":{"rendered":"Tarpini\u0173\/sandarinimo \u017eied\u0173 i\u0161\u0117mimo \u012frankiai"},"content":{"rendered":"<p>Lengvai nuimkite tarpines, man\u017eetus arba mink\u0161tas gumines \u017earnas Skirtingo ilgio ir kampo, pritaikymas \u012fvairioms reikm\u0117ms 110\u00b0 pasuktas nu\u0117miklis (L = 285 mm) 100\u00b0 pasuktas nu\u0117miklis (L = 210 mm) 93.5\u00b0 pasuktas nu\u0117miklis (L = 193 mm) Didelis sandariklio nu\u0117miklis su T formos rankena (L = 165 mm) Sandariklio nu\u0117miklis su T formos rankena (L = 115 mm)<\/p>","protected":false},"excerpt":{"rendered":"<p>Riebok\u0161li\u0173 montavimo-i\u0161montavimo \u012franki\u0173 komplektas<\/p>","protected":false},"featured_media":405654,"comment_status":"open","ping_status":"open","template":"","meta":[],"product_cat":[9730],"product_tag":[9435],"class_list":{"0":"post-405652","1":"product","2":"type-product","3":"status-publish","4":"has-post-thumbnail","6":"product_brand-kinija","7":"product_cat-irankiai-rieboksliams","8":"product_tag-kinija","10":"first","11":"instock","12":"purchasable","13":"product-type-simple"},"jetpack_sharing_enabled":true,"_links":{"self":[{"href":"https:\/\/irankiuzona.lt\/ru\/wp-json\/wp\/v2\/product\/405652","targetHints":{"allow":["GET"]}}],"collection":[{"href":"https:\/\/irankiuzona.lt\/ru\/wp-json\/wp\/v2\/product"}],"about":[{"href":"https:\/\/irankiuzona.lt\/ru\/wp-json\/wp\/v2\/types\/product"}],"replies":[{"embeddable":true,"href":"https:\/\/irankiuzona.lt\/ru\/wp-json\/wp\/v2\/comments?post=405652"}],"version-history":[{"count":1,"href":"https:\/\/irankiuzona.lt\/ru\/wp-json\/wp\/v2\/product\/405652\/revisions"}],"predecessor-version":[{"id":426721,"href":"https:\/\/irankiuzona.lt\/ru\/wp-json\/wp\/v2\/product\/405652\/revisions\/426721"}],"wp:featuredmedia":[{"embeddable":true,"href":"https:\/\/irankiuzona.lt\/ru\/wp-json\/wp\/v2\/media\/405654"}],"wp:attachment":[{"href":"https:\/\/irankiuzona.lt\/ru\/wp-json\/wp\/v2\/media?parent=405652"}],"wp:term":[{"taxonomy":"product_cat","embeddable":true,"href":"https:\/\/irankiuzona.lt\/ru\/wp-json\/wp\/v2\/product_cat?post=405652"},{"taxonomy":"product_tag","embeddable":true,"href":"https:\/\/irankiuzona.lt\/ru\/wp-json\/wp\/v2\/product_tag?post=405652"}],"curies":[{"name":"wp","href":"https:\/\/api.w.org\/{rel}","templated":true}]}}