{"id":405655,"date":"2025-06-16T08:46:33","date_gmt":"2025-06-16T08:46:33","guid":{"rendered":"https:\/\/irankiuzona.lt\/product\/guminiu-tarpiniu-idejimo-irankiai\/"},"modified":"2026-04-13T04:06:11","modified_gmt":"2026-04-13T04:06:11","slug":"guminiu-tarpiniu-idejimo-irankiai","status":"publish","type":"product","link":"https:\/\/irankiuzona.lt\/ru\/product\/guminiu-tarpiniu-idejimo-irankiai\/","title":{"rendered":"Gumini\u0173 tarpini\u0173 \u012fd\u0117jimo \u012frankiai"},"content":{"rendered":"<p>S dydis &#8211; 22-40 mm M dydis &#8211; 40-70 mm L dydis &#8211; 70-165 mm\u0160is \u012franki\u0173 rinkinys yra greitas ir saugus lanks\u010di\u0173 tarpini\u0173 montavimo \u012frankis. Su \u0161iuo \u012frankiu padarysite ma\u017eesn\u0119 nei skyl\u0117 \u012f kuri\u0105 \u017eadate d\u0117ti tarpin\u0119, pasukus sandarikl\u012f \u012f omega form\u0105, galima i\u0161vengti nereikalingos \u017ealos cilindrui. Be rankenos, kad gaminys neu\u017estot\u0173 matomumo, kad geriau matytum\u0117te ertm\u0119 \u012f kuri\u0105 dedate tarpin\u0119.<br \/>\nNaudojimas: 1. U\u017ed\u0117kite tarpin\u0119 tarp \u017enypli\u0173 2. Abiem rankomis sukite rankenas, tarpin\u0117 prad\u0117s keisti form\u0105 3. Pilnai susukus tarpin\u0117 bus omega formos, galite dabar laikyti su viena ranka 4. \u012estatykite tarpin\u0119 \u012f cilindr\u0105. Atleiskite ranken\u0105 l\u0117tai 5. Atsargiai i\u0161traukite \u012frank\u012f\u00a0<\/p>","protected":false},"excerpt":{"rendered":"<p>Sandarinimo \u017eied\u0173, gumin\u0117s tarpin\u0117s, montavimo \u012frankis. skirting\u0173 dyd\u017ei\u0173.Cilindro tarpin\u0117s \u012fd\u0117jimo \u012frankiai.<\/p>","protected":false},"featured_media":405657,"comment_status":"open","ping_status":"open","template":"","meta":[],"product_cat":[9730],"product_tag":[9435],"class_list":{"0":"post-405655","1":"product","2":"type-product","3":"status-publish","4":"has-post-thumbnail","6":"product_brand-kinija","7":"product_cat-irankiai-rieboksliams","8":"product_tag-kinija","10":"first","11":"instock","12":"purchasable","13":"product-type-simple"},"jetpack_sharing_enabled":true,"_links":{"self":[{"href":"https:\/\/irankiuzona.lt\/ru\/wp-json\/wp\/v2\/product\/405655","targetHints":{"allow":["GET"]}}],"collection":[{"href":"https:\/\/irankiuzona.lt\/ru\/wp-json\/wp\/v2\/product"}],"about":[{"href":"https:\/\/irankiuzona.lt\/ru\/wp-json\/wp\/v2\/types\/product"}],"replies":[{"embeddable":true,"href":"https:\/\/irankiuzona.lt\/ru\/wp-json\/wp\/v2\/comments?post=405655"}],"version-history":[{"count":1,"href":"https:\/\/irankiuzona.lt\/ru\/wp-json\/wp\/v2\/product\/405655\/revisions"}],"predecessor-version":[{"id":426722,"href":"https:\/\/irankiuzona.lt\/ru\/wp-json\/wp\/v2\/product\/405655\/revisions\/426722"}],"wp:featuredmedia":[{"embeddable":true,"href":"https:\/\/irankiuzona.lt\/ru\/wp-json\/wp\/v2\/media\/405657"}],"wp:attachment":[{"href":"https:\/\/irankiuzona.lt\/ru\/wp-json\/wp\/v2\/media?parent=405655"}],"wp:term":[{"taxonomy":"product_cat","embeddable":true,"href":"https:\/\/irankiuzona.lt\/ru\/wp-json\/wp\/v2\/product_cat?post=405655"},{"taxonomy":"product_tag","embeddable":true,"href":"https:\/\/irankiuzona.lt\/ru\/wp-json\/wp\/v2\/product_tag?post=405655"}],"curies":[{"name":"wp","href":"https:\/\/api.w.org\/{rel}","templated":true}]}}