{"id":405661,"date":"2025-06-16T08:46:42","date_gmt":"2025-06-16T08:46:42","guid":{"rendered":"https:\/\/irankiuzona.lt\/product\/akumuliatorinis-smuginis-greztuvas-18v-80-nm-be-akumuliatoriaus\/"},"modified":"2026-04-15T23:45:45","modified_gmt":"2026-04-15T23:45:45","slug":"akumuliatorinis-smuginis-greztuvas-18v-80-nm-be-akumuliatoriaus","status":"publish","type":"product","link":"https:\/\/irankiuzona.lt\/ru\/product\/akumuliatorinis-smuginis-greztuvas-18v-80-nm-be-akumuliatoriaus\/","title":{"rendered":"Akumuliatorinis sm\u016bginis gr\u0119\u017etuvas 18V 80 Nm (be akumuliatoriaus)"},"content":{"rendered":"<p>Efektyvus, lengvas ir greitas \u012frenginys, skirtas gr\u0119\u017eti plytas, akmen\u012f, medien\u0105, metal\u0105 ir plastik\u0105, taip pat prisukti ir atsukti. 13 mm griebtuvas suteikia galimyb\u0119 naudoti platesn\u012f gr\u0105\u017et\u0173 diapazon\u0105, o 80 Nm sukimo momentas leid\u017eia efektyviai gr\u0119\u017eti net ir labai kietas med\u017eiagas. \u0160is \u012frankis yra universalus ir gali b\u016bti naudojamas ne tik nam\u0173 \u016bkio darbams, bet ir profesionaliose statybose ar remonto darbuose.<br \/>\nSavyb\u0117s:\u0160velnus sukimo momentas \u2013 40 Nm.Sunkus sukimo momentas \u2013 80 Nm.Sukimo momento nustatym\u0173 skai\u010dius \u2013 21+1.Grei\u010dio nustatym\u0173 skai\u010dius \u2013 2.Gr\u0119\u017eimo griebtuvas \u2013 metalinis, 13 mm.Sukimosi greitis: 0-450\/0-1650 RPM.Da\u017enis: 0-6780 IPM\/0-24000 IPM.Maksimalus gr\u0119\u017eimo skersmuo medienoje \u2013 50 mm.Maksimalus gr\u0119\u017eimo skersmuo pliene \u2013 13 mm.Maksimalus gr\u0119\u017eimo skersmuo betone -10 mm.LED lempos antgalio laikiklis.Sklandus grei\u010dio reguliavimas ant jungiklio.Mink\u0161ta rankena.Papildoma stabilizuojanti antivibracin\u0117 rankena, skirta sunkiausiems darbams.De\u0161inysis ir kairysis sukimosi jungiklis.Metalinis pavar\u0173 d\u0117\u017e\u0117s korpusas.Variklis be \u0161epet\u0117li\u0173.Variklio apsauga nuo dulki\u0173, metalo daleli\u0173 ir u\u017espaudimo.Svoris 1,4 kg\u012etampa 18 V.Baterij\u0105 reikia \u012fsigyti atskirai.<\/p>","protected":false},"excerpt":{"rendered":"<p>Akumuliatorinis sm\u016bginis gr\u0119\u017etuvas 18V 80 Nm (be akumuliatoriaus)<\/p>","protected":false},"featured_media":405663,"comment_status":"open","ping_status":"open","template":"","meta":[],"product_cat":[10092],"product_tag":[9969],"class_list":{"0":"post-405661","1":"product","2":"type-product","3":"status-publish","4":"has-post-thumbnail","6":"product_brand-hogert-technik-vokietija","7":"product_cat-akumuliatoriniai-irankiai-su-keiciama-li-ion-baterija","8":"product_tag-hogert-technik-vokietija","10":"first","11":"instock","12":"purchasable","13":"product-type-simple"},"jetpack_sharing_enabled":true,"_links":{"self":[{"href":"https:\/\/irankiuzona.lt\/ru\/wp-json\/wp\/v2\/product\/405661","targetHints":{"allow":["GET"]}}],"collection":[{"href":"https:\/\/irankiuzona.lt\/ru\/wp-json\/wp\/v2\/product"}],"about":[{"href":"https:\/\/irankiuzona.lt\/ru\/wp-json\/wp\/v2\/types\/product"}],"replies":[{"embeddable":true,"href":"https:\/\/irankiuzona.lt\/ru\/wp-json\/wp\/v2\/comments?post=405661"}],"version-history":[{"count":1,"href":"https:\/\/irankiuzona.lt\/ru\/wp-json\/wp\/v2\/product\/405661\/revisions"}],"predecessor-version":[{"id":426725,"href":"https:\/\/irankiuzona.lt\/ru\/wp-json\/wp\/v2\/product\/405661\/revisions\/426725"}],"wp:featuredmedia":[{"embeddable":true,"href":"https:\/\/irankiuzona.lt\/ru\/wp-json\/wp\/v2\/media\/405663"}],"wp:attachment":[{"href":"https:\/\/irankiuzona.lt\/ru\/wp-json\/wp\/v2\/media?parent=405661"}],"wp:term":[{"taxonomy":"product_cat","embeddable":true,"href":"https:\/\/irankiuzona.lt\/ru\/wp-json\/wp\/v2\/product_cat?post=405661"},{"taxonomy":"product_tag","embeddable":true,"href":"https:\/\/irankiuzona.lt\/ru\/wp-json\/wp\/v2\/product_tag?post=405661"}],"curies":[{"name":"wp","href":"https:\/\/api.w.org\/{rel}","templated":true}]}}