{"id":405667,"date":"2025-06-16T08:46:48","date_gmt":"2025-06-16T08:46:48","guid":{"rendered":"https:\/\/irankiuzona.lt\/product\/akumuliatorinis-tiesinis-pjuklas-su-priedais-18v-40ah\/"},"modified":"2026-04-16T03:50:30","modified_gmt":"2026-04-16T03:50:30","slug":"akumuliatorinis-tiesinis-pjuklas-su-priedais-18v-40ah","status":"publish","type":"product","link":"https:\/\/irankiuzona.lt\/ru\/product\/akumuliatorinis-tiesinis-pjuklas-su-priedais-18v-40ah\/","title":{"rendered":"Akumuliatorinis tiesinis pj\u016bklas su priedais 18V 4,0Ah"},"content":{"rendered":"<p>Pj\u016bklas greitam pjovimui esant didelei apkrovai, tinkantis \u012fvairioms med\u017eiagoms pjauti, tokioms kaip mediena, metalas, plastikas. Puikiai tinka statybos ir renovacijos darbams. 0-3000 aps.\/min. sukimosi greitis leid\u017eia dirbti grei\u010diau ir efektyviau. Sklandus sukimosi grei\u010dio keitimas leid\u017eia prisitaikyti prie skirting\u0173 med\u017eiag\u0173, o reguliuojamas p\u0117dos ilgis ir pasvirimo kampas suteikia lankstum\u0105 atliekant \u012fvairius pjovimo darbus.<br \/>\nSavyb\u0117s:P\u0117dos ilgio reguliavimas.P\u0117dos pasvirimo kampo reguliavimas.Sukimosi greitis: 0-3000 RPM.A\u0161men\u0173 eiga: 28 mm.Maksimalus pjaunamos medienos storis \u2013 150 mm.Maksimalus pjaunamo plieno storis \u2013 10 mm.Metalinis pavaros mechanizmas.Sklandus grei\u010dio reguliavimas.Antivibracin\u0117 mink\u0161ta rankena.Apsauga nuo perkaitimo.Variklio apsauga nuo dulki\u0173, metalo daleli\u0173 ir u\u017espaudimo.Svoris 3.22kg\u012etampa 18 V.<br \/>\nHT2E242-C60:<br \/>\n\u012etampa 18 V.Srov\u0117 4 A.Svoris 0,56 kg.Apsaugos \u2013 nuo \u200b\u200bperkaitimo, perkrovimo, trumpojo jungimo.\u012ekrovimo proceso indikatorius.2 A baterijos \u012fkrovimo laikas (80 %) \u2013 30 min.4 A baterijos \u012fkrovimo laikas (80 %) \u2013 60 min.6 A baterijos \u012fkrovimo laikas (80 %) \u2013 90 min.<\/p>\n<p>HT2E240-A40:<br \/>\nLi\u010dio jon\u0173 technologija.\u012etampa \u2013 18 V.Talpa \u2013 4,0 Ah.Svoris \u2013 0,67 kg.Apsauga nuo perkaitimo, perkrovimo, trumpojo jungimo.\u012ekrovimo lygis.<\/p>","protected":false},"excerpt":{"rendered":"<p>Akumuliatorinis tiesinis pj\u016bklas su priedais 18V 4,0Ah<\/p>","protected":false},"featured_media":405669,"comment_status":"open","ping_status":"open","template":"","meta":[],"product_cat":[10092],"product_tag":[9969],"class_list":{"0":"post-405667","1":"product","2":"type-product","3":"status-publish","4":"has-post-thumbnail","6":"product_brand-hogert-technik-vokietija","7":"product_cat-akumuliatoriniai-irankiai-su-keiciama-li-ion-baterija","8":"product_tag-hogert-technik-vokietija","10":"first","11":"instock","12":"purchasable","13":"product-type-simple"},"jetpack_sharing_enabled":true,"_links":{"self":[{"href":"https:\/\/irankiuzona.lt\/ru\/wp-json\/wp\/v2\/product\/405667","targetHints":{"allow":["GET"]}}],"collection":[{"href":"https:\/\/irankiuzona.lt\/ru\/wp-json\/wp\/v2\/product"}],"about":[{"href":"https:\/\/irankiuzona.lt\/ru\/wp-json\/wp\/v2\/types\/product"}],"replies":[{"embeddable":true,"href":"https:\/\/irankiuzona.lt\/ru\/wp-json\/wp\/v2\/comments?post=405667"}],"version-history":[{"count":1,"href":"https:\/\/irankiuzona.lt\/ru\/wp-json\/wp\/v2\/product\/405667\/revisions"}],"predecessor-version":[{"id":426727,"href":"https:\/\/irankiuzona.lt\/ru\/wp-json\/wp\/v2\/product\/405667\/revisions\/426727"}],"wp:featuredmedia":[{"embeddable":true,"href":"https:\/\/irankiuzona.lt\/ru\/wp-json\/wp\/v2\/media\/405669"}],"wp:attachment":[{"href":"https:\/\/irankiuzona.lt\/ru\/wp-json\/wp\/v2\/media?parent=405667"}],"wp:term":[{"taxonomy":"product_cat","embeddable":true,"href":"https:\/\/irankiuzona.lt\/ru\/wp-json\/wp\/v2\/product_cat?post=405667"},{"taxonomy":"product_tag","embeddable":true,"href":"https:\/\/irankiuzona.lt\/ru\/wp-json\/wp\/v2\/product_tag?post=405667"}],"curies":[{"name":"wp","href":"https:\/\/api.w.org\/{rel}","templated":true}]}}