{"id":405682,"date":"2025-06-16T08:47:08","date_gmt":"2025-06-16T08:47:08","guid":{"rendered":"https:\/\/irankiuzona.lt\/product\/akumuliatorinis-smuginis-greztuvas-sds-18v-2j\/"},"modified":"2026-05-09T21:08:20","modified_gmt":"2026-05-09T21:08:20","slug":"akumuliatorinis-smuginis-greztuvas-sds-18v-2j","status":"publish","type":"product","link":"https:\/\/irankiuzona.lt\/ru\/product\/akumuliatorinis-smuginis-greztuvas-sds-18v-2j\/","title":{"rendered":"Akumuliatorinis sm\u016bginis gr\u0119\u017etuvas SDS 18V 2J"},"content":{"rendered":"<p>Komplekte: Akumuliatorinis perforatorius + C40 \u012fkroviklis + 2vnt. 4aH baterijos + lagaminas.<br \/>\nHT2E228-0CH perforatorius. Universalus ir efektyvus \u012frenginys, skirtas gr\u0119\u017eti beton\u0105, keramik\u0105, akmen\u012f, medien\u0105, metal\u0105 ir kalti tink\u0105 bei sien\u0173 apdail\u0105. A\u0161men\u0173 pad\u0117ties reguliavimas leid\u017eia pritaikyti \u012frengin\u012f prie pavir\u0161i\u0173 skirtingais kampais. Pneumatin\u0117s sm\u016bgin\u0117s pavaros mechanizmas su 2,0 J j\u0117ga, kai sm\u016bgio da\u017enis yra 0\u20134600 IPM ir sukimosi greitis 0\u20131300 RPM, leid\u017eia grei\u010diau ir efektyviau gr\u0119\u017eti ir kalti sienas. SDS+ rankena leid\u017eia greitai ir patogiai keisti gr\u0105\u017et\u0105 ir kalt\u0105, nenaudojant papildom\u0173 \u012franki\u0173. Savyb\u0117s: Funkcij\u0173 pasirinkimas: besm\u016bginis gr\u0119\u017eimas, sm\u016bginis gr\u0119\u017eimas, sm\u016bginis kalimas su sukimosi jungikliu, sukimas. Sklandus kalto pad\u0117ties reguliavimas. Rankena \u2013 SDS+. Sm\u016bgio energija 2,0 J. Sukimosi greitis: 0\u20131300 RPM. Poveikio greitis: 0\u20134600 IPM. Maksimalus medienos gr\u0119\u017eimo skersmuo \u2013 28 mm. Maksimalus plieno gr\u0119\u017eimo skersmuo \u2013 13 mm. Maksimalus betono gr\u0119\u017eimo skersmuo \u2013 16 mm. Metalin\u0117s pavar\u0173 d\u0117\u017e\u0117s mechanizmas. LED lemput\u0117. Sklandus grei\u010dio reguliavimas jungikliu. Antivibracin\u0117 mink\u0161ta rankena. Papildoma, stabilizuojanti rankena, skirta sunkiems darbams. De\u0161inysis ir kairysis sukimosi krypties jungiklis. Svoris \u2013 1,69 kg. Variklis be \u0161epet\u0117li\u0173. \u012etampa \u2013 18 V.<br \/>\nHT2E242-C40 \u012fkroviklis. Efektyvus \u012fkroviklis, kuris \u012fkraus 2 Ah baterij\u0105 vos per apytiksliai 30 min. Pa\u017eangus elektroninis modulis stebi akumuliatoriaus \u012ftamp\u0105 ir temperat\u016br\u0105, kad maksimaliai padidint\u0173 \u012fkrovimo proceso efektyvum\u0105 ir u\u017etikrint\u0173 ilg\u0105 baterijos veikimo laik\u0105. Apsauga nuo perkaitimo prailginanaudojimo ir baterijos tarnavimo laik\u0105. Apsauga nuo srov\u0117s trumpojo jungimo pagerina \u012fkrovimo proceso saugum\u0105. Indikatoriai rodo akumuliatoriaus b\u016bsen\u0105 ir informuoja apie \u012fkrovimo proces\u0105. Savyb\u0117s: \u012etampa 18 V. Srov\u0117 4A. Svoris 0,56 kgApsauga nuo perkaitimo, perkrovimo, trumpojo jungimo. \u012ekrovimo proceso indikatorius. \u012ekrovimo laikas 80 % 2 A akumuliatoriaus \u2013 30 min. \u012ekrovimo laikas 80 % 4 A akumuliatoriaus \u2013 60 min. \u012ekrovimo laikas 80 % 6 A akumuliatoriaus \u2013 90 min.<br \/>\nHT2E240-A40 akumuliatorius-baterija. Lengvas ir kompakti\u0161kas \u012fkraunamas akumuliatorius-baterija. Pa\u017eangus elektroninis modulis stebi baterijos veikim\u0105, kad maksimaliai padidint\u0173 na\u0161um\u0105, veikimo laik\u0105, padidint\u0173 ilgaam\u017ei\u0161kum\u0105 ir saugum\u0105. Apsauga nuo element\u0173 perkaitimo, prailgina j\u0173 veikimo laik\u0105 ir padidina j\u0173 patvarum\u0105. \u012ekrovimo lygio valdymas prailgina element\u0173 gyvavimo cikl\u0105. Cel\u0117s, pagamintos naudojant naujausi\u0105 li\u010dio jon\u0173 (Li-Ion) technologij\u0105, u\u017etikrina auk\u0161t\u0105 energijos vartojimo efektyvum\u0105, tvirtum\u0105 ir patikimum\u0105. Savyb\u0117s: Technologija \u2013 Li-on. \u012etampa \u2013 18 V. Talpa \u2013 4,0 Ah. Svoris &#8211; 0,67 kg. Apsauga nuo perkaitimo, perkrovimo, trumpojo jungimo. \u012ekrovimo indikatorius.<br \/>\nDOVANA u\u017e rikinio kain\u0105: HT2E240-A40 4Ah akumuliatorius-baterija!<\/p>","protected":false},"excerpt":{"rendered":"<p>AKCIJA HOEGERT AKUMULIATORINIS PERFORATORIUS + C40 \u012eKROVIKLIS + 2VNT. 4AH BATERIJOS &#8211; HT2E249-B24CH-A20-PROMO<\/p>","protected":false},"featured_media":405684,"comment_status":"open","ping_status":"open","template":"","meta":[],"product_cat":[10092],"product_tag":[9969],"class_list":{"0":"post-405682","1":"product","2":"type-product","3":"status-publish","4":"has-post-thumbnail","6":"product_brand-hogert-technik-vokietija","7":"product_cat-akumuliatoriniai-irankiai-su-keiciama-li-ion-baterija","8":"product_tag-hogert-technik-vokietija","10":"first","11":"instock","12":"purchasable","13":"product-type-simple"},"jetpack_sharing_enabled":true,"_links":{"self":[{"href":"https:\/\/irankiuzona.lt\/ru\/wp-json\/wp\/v2\/product\/405682","targetHints":{"allow":["GET"]}}],"collection":[{"href":"https:\/\/irankiuzona.lt\/ru\/wp-json\/wp\/v2\/product"}],"about":[{"href":"https:\/\/irankiuzona.lt\/ru\/wp-json\/wp\/v2\/types\/product"}],"replies":[{"embeddable":true,"href":"https:\/\/irankiuzona.lt\/ru\/wp-json\/wp\/v2\/comments?post=405682"}],"version-history":[{"count":1,"href":"https:\/\/irankiuzona.lt\/ru\/wp-json\/wp\/v2\/product\/405682\/revisions"}],"predecessor-version":[{"id":426732,"href":"https:\/\/irankiuzona.lt\/ru\/wp-json\/wp\/v2\/product\/405682\/revisions\/426732"}],"wp:featuredmedia":[{"embeddable":true,"href":"https:\/\/irankiuzona.lt\/ru\/wp-json\/wp\/v2\/media\/405684"}],"wp:attachment":[{"href":"https:\/\/irankiuzona.lt\/ru\/wp-json\/wp\/v2\/media?parent=405682"}],"wp:term":[{"taxonomy":"product_cat","embeddable":true,"href":"https:\/\/irankiuzona.lt\/ru\/wp-json\/wp\/v2\/product_cat?post=405682"},{"taxonomy":"product_tag","embeddable":true,"href":"https:\/\/irankiuzona.lt\/ru\/wp-json\/wp\/v2\/product_tag?post=405682"}],"curies":[{"name":"wp","href":"https:\/\/api.w.org\/{rel}","templated":true}]}}