{"id":405967,"date":"2025-06-27T22:16:46","date_gmt":"2025-06-27T22:16:46","guid":{"rendered":"https:\/\/irankiuzona.lt\/product\/varztu-ir-poverzliu-rinkinys-kebulo-dalims-tvirtinti-170vnt\/"},"modified":"2026-04-06T18:18:49","modified_gmt":"2026-04-06T18:18:49","slug":"varztu-ir-poverzliu-rinkinys-kebulo-dalims-tvirtinti-170vnt","status":"publish","type":"product","link":"https:\/\/irankiuzona.lt\/ru\/product\/varztu-ir-poverzliu-rinkinys-kebulo-dalims-tvirtinti-170vnt\/","title":{"rendered":"Var\u017et\u0173 ir pover\u017eli\u0173 rinkinys k\u0117bulo dalims tvirtinti (170vnt.)"},"content":{"rendered":"<p>170 dali\u0173<\/p>","protected":false},"excerpt":{"rendered":"<p>\u00a0Var\u017et\u0173 ir pover\u017eli\u0173 komplektas automobili\u0173 k\u0117bulo dalims tvirtinti (170vnt.)<\/p>","protected":false},"featured_media":405969,"comment_status":"open","ping_status":"open","template":"","meta":[],"product_cat":[9438],"product_tag":[10104],"class_list":{"0":"post-405967","1":"product","2":"type-product","3":"status-publish","4":"has-post-thumbnail","6":"product_brand-kraftdele","7":"product_cat-tarpines-savarzos-smeiges-kaisciai-ir-kiti-rinkiniai","8":"product_tag-kraftdele","10":"first","11":"instock","12":"purchasable","13":"product-type-simple"},"jetpack_sharing_enabled":true,"_links":{"self":[{"href":"https:\/\/irankiuzona.lt\/ru\/wp-json\/wp\/v2\/product\/405967","targetHints":{"allow":["GET"]}}],"collection":[{"href":"https:\/\/irankiuzona.lt\/ru\/wp-json\/wp\/v2\/product"}],"about":[{"href":"https:\/\/irankiuzona.lt\/ru\/wp-json\/wp\/v2\/types\/product"}],"replies":[{"embeddable":true,"href":"https:\/\/irankiuzona.lt\/ru\/wp-json\/wp\/v2\/comments?post=405967"}],"version-history":[{"count":0,"href":"https:\/\/irankiuzona.lt\/ru\/wp-json\/wp\/v2\/product\/405967\/revisions"}],"wp:featuredmedia":[{"embeddable":true,"href":"https:\/\/irankiuzona.lt\/ru\/wp-json\/wp\/v2\/media\/405969"}],"wp:attachment":[{"href":"https:\/\/irankiuzona.lt\/ru\/wp-json\/wp\/v2\/media?parent=405967"}],"wp:term":[{"taxonomy":"product_cat","embeddable":true,"href":"https:\/\/irankiuzona.lt\/ru\/wp-json\/wp\/v2\/product_cat?post=405967"},{"taxonomy":"product_tag","embeddable":true,"href":"https:\/\/irankiuzona.lt\/ru\/wp-json\/wp\/v2\/product_tag?post=405967"}],"curies":[{"name":"wp","href":"https:\/\/api.w.org\/{rel}","templated":true}]}}