{"id":405970,"date":"2025-06-27T22:17:02","date_gmt":"2025-06-27T22:17:02","guid":{"rendered":"https:\/\/irankiuzona.lt\/product\/irankiu-vezimelis-su-3-lentynomis-ir-stalciumi\/"},"modified":"2026-04-06T18:18:53","modified_gmt":"2026-04-06T18:18:53","slug":"irankiu-vezimelis-su-3-lentynomis-ir-stalciumi","status":"publish","type":"product","link":"https:\/\/irankiuzona.lt\/ru\/product\/irankiu-vezimelis-su-3-lentynomis-ir-stalciumi\/","title":{"rendered":"\u012eranki\u0173 ve\u017eim\u0117lis su 3 lentynomis ir stal\u010diumi"},"content":{"rendered":"<p>Ilgis: 66 cm (74,5 cm su rankena)Plotis: 35 cmAuk\u0161tis: 72,5 cmLentynos gylis: 5 cmAtstumas tarp lentyn\u0173: 16,5 \/ 24 cmSvoris: 13 kg<\/p>","protected":false},"excerpt":{"rendered":"<p>\u012eranki\u0173 ve\u017eim\u0117lis ant ratuk\u0173, su 3 lentynomis ir stal\u010diumi<\/p>","protected":false},"featured_media":405972,"comment_status":"open","ping_status":"open","template":"","meta":[],"product_cat":[10048],"product_tag":[10104],"class_list":{"0":"post-405970","1":"product","2":"type-product","3":"status-publish","4":"has-post-thumbnail","6":"product_brand-kraftdele","7":"product_cat-vezimeliai-su-ratukais-su-lentynomis","8":"product_tag-kraftdele","10":"first","11":"outofstock","12":"purchasable","13":"product-type-simple"},"jetpack_sharing_enabled":true,"_links":{"self":[{"href":"https:\/\/irankiuzona.lt\/ru\/wp-json\/wp\/v2\/product\/405970","targetHints":{"allow":["GET"]}}],"collection":[{"href":"https:\/\/irankiuzona.lt\/ru\/wp-json\/wp\/v2\/product"}],"about":[{"href":"https:\/\/irankiuzona.lt\/ru\/wp-json\/wp\/v2\/types\/product"}],"replies":[{"embeddable":true,"href":"https:\/\/irankiuzona.lt\/ru\/wp-json\/wp\/v2\/comments?post=405970"}],"version-history":[{"count":0,"href":"https:\/\/irankiuzona.lt\/ru\/wp-json\/wp\/v2\/product\/405970\/revisions"}],"wp:featuredmedia":[{"embeddable":true,"href":"https:\/\/irankiuzona.lt\/ru\/wp-json\/wp\/v2\/media\/405972"}],"wp:attachment":[{"href":"https:\/\/irankiuzona.lt\/ru\/wp-json\/wp\/v2\/media?parent=405970"}],"wp:term":[{"taxonomy":"product_cat","embeddable":true,"href":"https:\/\/irankiuzona.lt\/ru\/wp-json\/wp\/v2\/product_cat?post=405970"},{"taxonomy":"product_tag","embeddable":true,"href":"https:\/\/irankiuzona.lt\/ru\/wp-json\/wp\/v2\/product_tag?post=405970"}],"curies":[{"name":"wp","href":"https:\/\/api.w.org\/{rel}","templated":true}]}}