{"id":406006,"date":"2025-06-27T22:18:33","date_gmt":"2025-06-27T22:18:33","guid":{"rendered":"https:\/\/irankiuzona.lt\/product\/smuginiu-galvuciu-komplektas-1-2-cr-mo-ratams-4vnt\/"},"modified":"2026-05-07T02:16:56","modified_gmt":"2026-05-07T02:16:56","slug":"smuginiu-galvuciu-komplektas-1-2-cr-mo-ratams-4vnt","status":"publish","type":"product","link":"https:\/\/irankiuzona.lt\/ru\/product\/smuginiu-galvuciu-komplektas-1-2-cr-mo-ratams-4vnt\/","title":{"rendered":"Sm\u016bgini\u0173 galvu\u010di\u0173 komplektas 1\/2&quot; Cr-Mo ratams 4vnt."},"content":{"rendered":"<p>Lizdas &#8211; 1\/2Cr-MoIlgis &#8211; 85mmKomplekte: 17mm &#8211; 19mm<\/p>","protected":false},"excerpt":{"rendered":"<p>Sm\u016bgini\u0173 galvu\u010di\u0173 komplektas 1\/2&quot; Cr-Mo ratams 4vnt.<\/p>","protected":false},"featured_media":406008,"comment_status":"open","ping_status":"open","template":"","meta":[],"product_cat":[9492],"product_tag":[10143],"class_list":{"0":"post-406006","1":"product","2":"type-product","3":"status-publish","4":"has-post-thumbnail","6":"product_brand-jcb","7":"product_cat-ratu-varztams-galvutes-raktai-sepeciai","8":"product_tag-jcb","10":"first","11":"instock","12":"purchasable","13":"product-type-simple"},"jetpack_sharing_enabled":true,"_links":{"self":[{"href":"https:\/\/irankiuzona.lt\/ru\/wp-json\/wp\/v2\/product\/406006","targetHints":{"allow":["GET"]}}],"collection":[{"href":"https:\/\/irankiuzona.lt\/ru\/wp-json\/wp\/v2\/product"}],"about":[{"href":"https:\/\/irankiuzona.lt\/ru\/wp-json\/wp\/v2\/types\/product"}],"replies":[{"embeddable":true,"href":"https:\/\/irankiuzona.lt\/ru\/wp-json\/wp\/v2\/comments?post=406006"}],"version-history":[{"count":1,"href":"https:\/\/irankiuzona.lt\/ru\/wp-json\/wp\/v2\/product\/406006\/revisions"}],"predecessor-version":[{"id":426713,"href":"https:\/\/irankiuzona.lt\/ru\/wp-json\/wp\/v2\/product\/406006\/revisions\/426713"}],"wp:featuredmedia":[{"embeddable":true,"href":"https:\/\/irankiuzona.lt\/ru\/wp-json\/wp\/v2\/media\/406008"}],"wp:attachment":[{"href":"https:\/\/irankiuzona.lt\/ru\/wp-json\/wp\/v2\/media?parent=406006"}],"wp:term":[{"taxonomy":"product_cat","embeddable":true,"href":"https:\/\/irankiuzona.lt\/ru\/wp-json\/wp\/v2\/product_cat?post=406006"},{"taxonomy":"product_tag","embeddable":true,"href":"https:\/\/irankiuzona.lt\/ru\/wp-json\/wp\/v2\/product_tag?post=406006"}],"curies":[{"name":"wp","href":"https:\/\/api.w.org\/{rel}","templated":true}]}}