{"id":406042,"date":"2025-06-27T22:19:22","date_gmt":"2025-06-27T22:19:22","guid":{"rendered":"https:\/\/irankiuzona.lt\/product\/smuginiu-galvuciu-komplektas-1-2-6k-8-24-mm-14vnt\/"},"modified":"2026-04-11T11:09:52","modified_gmt":"2026-04-11T11:09:52","slug":"smuginiu-galvuciu-komplektas-1-2-6k-8-24-mm-14vnt","status":"publish","type":"product","link":"https:\/\/irankiuzona.lt\/ru\/product\/smuginiu-galvuciu-komplektas-1-2-6k-8-24-mm-14vnt\/","title":{"rendered":"Sm\u016bgini\u0173 galvu\u010di\u0173 komplektas 1\/2&quot; 6k. (8-24 mm) 14vnt."},"content":{"rendered":"<p>1\/2&#8221;Komplekte: 8.10.11.12.13.14.15.16.17.18.19.21.22.24 mm.<\/p>","protected":false},"excerpt":{"rendered":"<p>Sm\u016bgini\u0173 galvu\u010di\u0173 komplektas 1\/2&quot; 6k. (8-24 mm) 14vnt.<\/p>","protected":false},"featured_media":406044,"comment_status":"open","ping_status":"open","template":"","meta":[],"product_cat":[9499],"product_tag":[9462],"class_list":{"0":"post-406042","1":"product","2":"type-product","3":"status-publish","4":"has-post-thumbnail","6":"product_brand-condor-werkzeug-vokietija","7":"product_cat-smuginiu-galvuciu-komplektai","8":"product_tag-condor-werkzeug-vokietija","10":"first","11":"instock","12":"purchasable","13":"product-type-simple"},"jetpack_sharing_enabled":true,"_links":{"self":[{"href":"https:\/\/irankiuzona.lt\/ru\/wp-json\/wp\/v2\/product\/406042","targetHints":{"allow":["GET"]}}],"collection":[{"href":"https:\/\/irankiuzona.lt\/ru\/wp-json\/wp\/v2\/product"}],"about":[{"href":"https:\/\/irankiuzona.lt\/ru\/wp-json\/wp\/v2\/types\/product"}],"replies":[{"embeddable":true,"href":"https:\/\/irankiuzona.lt\/ru\/wp-json\/wp\/v2\/comments?post=406042"}],"version-history":[{"count":1,"href":"https:\/\/irankiuzona.lt\/ru\/wp-json\/wp\/v2\/product\/406042\/revisions"}],"predecessor-version":[{"id":426744,"href":"https:\/\/irankiuzona.lt\/ru\/wp-json\/wp\/v2\/product\/406042\/revisions\/426744"}],"wp:featuredmedia":[{"embeddable":true,"href":"https:\/\/irankiuzona.lt\/ru\/wp-json\/wp\/v2\/media\/406044"}],"wp:attachment":[{"href":"https:\/\/irankiuzona.lt\/ru\/wp-json\/wp\/v2\/media?parent=406042"}],"wp:term":[{"taxonomy":"product_cat","embeddable":true,"href":"https:\/\/irankiuzona.lt\/ru\/wp-json\/wp\/v2\/product_cat?post=406042"},{"taxonomy":"product_tag","embeddable":true,"href":"https:\/\/irankiuzona.lt\/ru\/wp-json\/wp\/v2\/product_tag?post=406042"}],"curies":[{"name":"wp","href":"https:\/\/api.w.org\/{rel}","templated":true}]}}