{"id":406045,"date":"2025-06-27T22:19:24","date_gmt":"2025-06-27T22:19:24","guid":{"rendered":"https:\/\/irankiuzona.lt\/product\/raktu-komplektas-stabdziu-vamzdeliams-7-vnt-6-19mm\/"},"modified":"2026-04-07T08:46:05","modified_gmt":"2026-04-07T08:46:05","slug":"raktu-komplektas-stabdziu-vamzdeliams-7-vnt-6-19mm","status":"publish","type":"product","link":"https:\/\/irankiuzona.lt\/ru\/product\/raktu-komplektas-stabdziu-vamzdeliams-7-vnt-6-19mm\/","title":{"rendered":"Rakt\u0173 komplektas stabd\u017ei\u0173 vamzdeliams 7 vnt. (6-19mm)"},"content":{"rendered":"<p>Diapazonas: 6\u201319 mmDyd\u017eiai: 6 x 7, 8 x 9, 10 x 11, 12 x 13, 14 x 15, 16 x 17, 18 x 19 mmMed\u017eiaga: chromo vanad\u017eio plienasPavir\u0161ius: chromuotasvnt.: 7<\/p>","protected":false},"excerpt":{"rendered":"<p>Rakt\u0173 komplektas stabd\u017ei\u0173 vamzdeliams 7 vnt. (6-19mm)<\/p>","protected":false},"featured_media":406047,"comment_status":"open","ping_status":"open","template":"","meta":[],"product_cat":[9596],"product_tag":[9462],"class_list":{"0":"post-406045","1":"product","2":"type-product","3":"status-publish","4":"has-post-thumbnail","6":"product_brand-condor-werkzeug-vokietija","7":"product_cat-raktai-vamzdeliams-su-ispjova","8":"product_tag-condor-werkzeug-vokietija","10":"first","11":"outofstock","12":"purchasable","13":"product-type-simple"},"jetpack_sharing_enabled":true,"_links":{"self":[{"href":"https:\/\/irankiuzona.lt\/ru\/wp-json\/wp\/v2\/product\/406045","targetHints":{"allow":["GET"]}}],"collection":[{"href":"https:\/\/irankiuzona.lt\/ru\/wp-json\/wp\/v2\/product"}],"about":[{"href":"https:\/\/irankiuzona.lt\/ru\/wp-json\/wp\/v2\/types\/product"}],"replies":[{"embeddable":true,"href":"https:\/\/irankiuzona.lt\/ru\/wp-json\/wp\/v2\/comments?post=406045"}],"version-history":[{"count":0,"href":"https:\/\/irankiuzona.lt\/ru\/wp-json\/wp\/v2\/product\/406045\/revisions"}],"wp:featuredmedia":[{"embeddable":true,"href":"https:\/\/irankiuzona.lt\/ru\/wp-json\/wp\/v2\/media\/406047"}],"wp:attachment":[{"href":"https:\/\/irankiuzona.lt\/ru\/wp-json\/wp\/v2\/media?parent=406045"}],"wp:term":[{"taxonomy":"product_cat","embeddable":true,"href":"https:\/\/irankiuzona.lt\/ru\/wp-json\/wp\/v2\/product_cat?post=406045"},{"taxonomy":"product_tag","embeddable":true,"href":"https:\/\/irankiuzona.lt\/ru\/wp-json\/wp\/v2\/product_tag?post=406045"}],"curies":[{"name":"wp","href":"https:\/\/api.w.org\/{rel}","templated":true}]}}