{"id":406229,"date":"2025-07-01T08:39:03","date_gmt":"2025-07-01T08:39:03","guid":{"rendered":"https:\/\/irankiuzona.lt\/product\/domkratas-hidraulinis-pakopinis-30ton-255-423mm\/"},"modified":"2026-04-17T14:24:47","modified_gmt":"2026-04-17T14:24:47","slug":"domkratas-hidraulinis-pakopinis-30ton-255-423mm","status":"publish","type":"product","link":"https:\/\/irankiuzona.lt\/ru\/product\/domkratas-hidraulinis-pakopinis-30ton-255-423mm\/","title":{"rendered":"Domkratas hidraulinis pakopinis 30Ton \/ 255-423mm"},"content":{"rendered":"<p>Galia: 30 ton\u0173K\u0117limo auk\u0161tis: 255 &#8211; 423 mmSvoris: 11,7 kg<\/p>","protected":false},"excerpt":{"rendered":"<p>Hidraulinis pakopinis domkratas-keltuvas 30ton, k\u0117limo auk\u0161tis 255-423mm<\/p>","protected":false},"featured_media":406231,"comment_status":"open","ping_status":"closed","template":"","meta":[],"product_cat":[9707],"product_tag":[10151],"class_list":{"0":"post-406229","1":"product","2":"type-product","3":"status-publish","4":"has-post-thumbnail","6":"product_brand-lenkija-tiekejas","7":"product_cat-domkratai-pakopiniai","8":"product_tag-lenkija-tiekejas","10":"first","11":"instock","12":"purchasable","13":"product-type-simple"},"jetpack_sharing_enabled":true,"_links":{"self":[{"href":"https:\/\/irankiuzona.lt\/ru\/wp-json\/wp\/v2\/product\/406229","targetHints":{"allow":["GET"]}}],"collection":[{"href":"https:\/\/irankiuzona.lt\/ru\/wp-json\/wp\/v2\/product"}],"about":[{"href":"https:\/\/irankiuzona.lt\/ru\/wp-json\/wp\/v2\/types\/product"}],"replies":[{"embeddable":true,"href":"https:\/\/irankiuzona.lt\/ru\/wp-json\/wp\/v2\/comments?post=406229"}],"version-history":[{"count":1,"href":"https:\/\/irankiuzona.lt\/ru\/wp-json\/wp\/v2\/product\/406229\/revisions"}],"predecessor-version":[{"id":425464,"href":"https:\/\/irankiuzona.lt\/ru\/wp-json\/wp\/v2\/product\/406229\/revisions\/425464"}],"wp:featuredmedia":[{"embeddable":true,"href":"https:\/\/irankiuzona.lt\/ru\/wp-json\/wp\/v2\/media\/406231"}],"wp:attachment":[{"href":"https:\/\/irankiuzona.lt\/ru\/wp-json\/wp\/v2\/media?parent=406229"}],"wp:term":[{"taxonomy":"product_cat","embeddable":true,"href":"https:\/\/irankiuzona.lt\/ru\/wp-json\/wp\/v2\/product_cat?post=406229"},{"taxonomy":"product_tag","embeddable":true,"href":"https:\/\/irankiuzona.lt\/ru\/wp-json\/wp\/v2\/product_tag?post=406229"}],"curies":[{"name":"wp","href":"https:\/\/api.w.org\/{rel}","templated":true}]}}