{"id":406241,"date":"2025-07-01T08:56:30","date_gmt":"2025-07-01T08:56:30","guid":{"rendered":"https:\/\/irankiuzona.lt\/product\/stabdziu-nuorinimo-adapteris-tesla-model-s-ir-x\/"},"modified":"2026-04-21T20:05:56","modified_gmt":"2026-04-21T20:05:56","slug":"stabdziu-nuorinimo-adapteris-tesla-model-s-ir-x","status":"publish","type":"product","link":"https:\/\/irankiuzona.lt\/ru\/product\/stabdziu-nuorinimo-adapteris-tesla-model-s-ir-x\/","title":{"rendered":"Stabd\u017ei\u0173 nuorinimo adapteris TESLA model S ir X"},"content":{"rendered":"<p>\u0160is pagrindinio cilindro adapteris suderinamas su \u201eTesla Model S\u201c ir \u201eX\u201c. Adapter\u012f reikia naudoti su stabd\u017ei\u0173 skys\u010dio i\u0161leidimo siurbliu. Stabd\u017ei\u0173 srauto adapteris gali lengvai u\u017epildyti Tesla modelio S\/X stabd\u017ei\u0173 skyst\u012f. Su 90 laipsni\u0173 pasukama jungtimi lengva dirbti ank\u0161tose erdv\u0117se. Stabd\u017ei\u0173 oro i\u0161leidimo adapteriai yra pagaminti i\u0161 aliuminio su anoduotu pavir\u0161iumi, tod\u0117l \u0161ie adapteriai yra gerai atspar\u016bs nusid\u0117v\u0117jimui ir korozijai bei \u0161vari, sodri i\u0161vaizda. Reguliuojamas O \u017eiedas turi automatinio i\u0161sipl\u0117timo funkcij\u0105, u\u017etikrinan\u010di\u0105 ger\u0105 oro sandarum\u0105. Viduje esantis guminis \u017eiedas gerai sandarina.\u00a0<\/p>","protected":false},"excerpt":{"rendered":"<p>Stabd\u017ei\u0173 sistemos nuorinimo adapteris TESLA model S ir X,\u00a0u\u017esukamas ant bakelio<\/p>","protected":false},"featured_media":406243,"comment_status":"open","ping_status":"open","template":"","meta":[],"product_cat":[9534],"product_tag":[9435],"class_list":{"0":"post-406241","1":"product","2":"type-product","3":"status-publish","4":"has-post-thumbnail","6":"product_brand-kinija","7":"product_cat-stabdziu-remonto-nuorinimo-irankiai","8":"product_tag-kinija","10":"first","11":"instock","12":"purchasable","13":"product-type-simple"},"jetpack_sharing_enabled":true,"_links":{"self":[{"href":"https:\/\/irankiuzona.lt\/ru\/wp-json\/wp\/v2\/product\/406241","targetHints":{"allow":["GET"]}}],"collection":[{"href":"https:\/\/irankiuzona.lt\/ru\/wp-json\/wp\/v2\/product"}],"about":[{"href":"https:\/\/irankiuzona.lt\/ru\/wp-json\/wp\/v2\/types\/product"}],"replies":[{"embeddable":true,"href":"https:\/\/irankiuzona.lt\/ru\/wp-json\/wp\/v2\/comments?post=406241"}],"version-history":[{"count":1,"href":"https:\/\/irankiuzona.lt\/ru\/wp-json\/wp\/v2\/product\/406241\/revisions"}],"predecessor-version":[{"id":426257,"href":"https:\/\/irankiuzona.lt\/ru\/wp-json\/wp\/v2\/product\/406241\/revisions\/426257"}],"wp:featuredmedia":[{"embeddable":true,"href":"https:\/\/irankiuzona.lt\/ru\/wp-json\/wp\/v2\/media\/406243"}],"wp:attachment":[{"href":"https:\/\/irankiuzona.lt\/ru\/wp-json\/wp\/v2\/media?parent=406241"}],"wp:term":[{"taxonomy":"product_cat","embeddable":true,"href":"https:\/\/irankiuzona.lt\/ru\/wp-json\/wp\/v2\/product_cat?post=406241"},{"taxonomy":"product_tag","embeddable":true,"href":"https:\/\/irankiuzona.lt\/ru\/wp-json\/wp\/v2\/product_tag?post=406241"}],"curies":[{"name":"wp","href":"https:\/\/api.w.org\/{rel}","templated":true}]}}