{"id":406244,"date":"2025-07-01T08:56:58","date_gmt":"2025-07-01T08:56:58","guid":{"rendered":"https:\/\/irankiuzona.lt\/product\/stabdziu-nuorinimo-adapteris-toyota-ir-lexus-43-mm\/"},"modified":"2026-04-21T19:00:41","modified_gmt":"2026-04-21T19:00:41","slug":"stabdziu-nuorinimo-adapteris-toyota-ir-lexus-43-mm","status":"publish","type":"product","link":"https:\/\/irankiuzona.lt\/ru\/product\/stabdziu-nuorinimo-adapteris-toyota-ir-lexus-43-mm\/","title":{"rendered":"Stabd\u017ei\u0173 nuorinimo adapteris Toyota ir Lexus 43 mm"},"content":{"rendered":"<p>\u0160is 43 mm pagrindinio cilindro adapteris naudojamas Toyota ir Lexus automobiliams. Nor\u0117dami pagerinti vartotoj\u0173 patirt\u012f, prie\u0161 pirkdami patikrinkite, ar jis tinka j\u016bs\u0173 modeliui. Vidinis skersmuo yra 43 mm \u0160is adapteris sukurtas taip, kad lengvai pa\u0161alintum\u0117te ir \u012fpiltum\u0117te skys\u010dio \u012f stabd\u017ei\u0173 sistem\u0105. \u0160is 43 mm aliuminio lydinio adapteris yra chromuotas ir m\u0117lynai oksiduotas, sandarus ir patvarus, tod\u0117l lengvai pa\u0161alinsite ir v\u0117l \u012fpurk\u0161kite skys\u010dio \u012f vis\u0105 stabd\u017ei\u0173 sistem\u0105. \u0160is 43 mm pagrindinio cilindro adapteris taip pat visi\u0161kai suderinamas su stabd\u017ei\u0173 oro i\u0161leidimo rinkiniais ir gali pad\u0117ti lengvai pa\u0161alinti bei papildyti skyst\u012f visoje stabd\u017ei\u0173 sistemoje.<\/p>","protected":false},"excerpt":{"rendered":"<p>Stabd\u017ei\u0173 sistemos nuorinimo adapteris Toyota ir Lexus 43mm, u\u017esukamas ant bakelio<\/p>","protected":false},"featured_media":406246,"comment_status":"open","ping_status":"open","template":"","meta":[],"product_cat":[9534],"product_tag":[9435],"class_list":{"0":"post-406244","1":"product","2":"type-product","3":"status-publish","4":"has-post-thumbnail","6":"product_brand-kinija","7":"product_cat-stabdziu-remonto-nuorinimo-irankiai","8":"product_tag-kinija","10":"first","11":"outofstock","12":"purchasable","13":"product-type-simple"},"jetpack_sharing_enabled":true,"_links":{"self":[{"href":"https:\/\/irankiuzona.lt\/ru\/wp-json\/wp\/v2\/product\/406244","targetHints":{"allow":["GET"]}}],"collection":[{"href":"https:\/\/irankiuzona.lt\/ru\/wp-json\/wp\/v2\/product"}],"about":[{"href":"https:\/\/irankiuzona.lt\/ru\/wp-json\/wp\/v2\/types\/product"}],"replies":[{"embeddable":true,"href":"https:\/\/irankiuzona.lt\/ru\/wp-json\/wp\/v2\/comments?post=406244"}],"version-history":[{"count":1,"href":"https:\/\/irankiuzona.lt\/ru\/wp-json\/wp\/v2\/product\/406244\/revisions"}],"predecessor-version":[{"id":426268,"href":"https:\/\/irankiuzona.lt\/ru\/wp-json\/wp\/v2\/product\/406244\/revisions\/426268"}],"wp:featuredmedia":[{"embeddable":true,"href":"https:\/\/irankiuzona.lt\/ru\/wp-json\/wp\/v2\/media\/406246"}],"wp:attachment":[{"href":"https:\/\/irankiuzona.lt\/ru\/wp-json\/wp\/v2\/media?parent=406244"}],"wp:term":[{"taxonomy":"product_cat","embeddable":true,"href":"https:\/\/irankiuzona.lt\/ru\/wp-json\/wp\/v2\/product_cat?post=406244"},{"taxonomy":"product_tag","embeddable":true,"href":"https:\/\/irankiuzona.lt\/ru\/wp-json\/wp\/v2\/product_tag?post=406244"}],"curies":[{"name":"wp","href":"https:\/\/api.w.org\/{rel}","templated":true}]}}