{"id":406274,"date":"2025-07-01T09:06:35","date_gmt":"2025-07-01T09:06:35","guid":{"rendered":"https:\/\/irankiuzona.lt\/product\/smuginiu-1-ilgu-galvu-komplektas-24-46mm-7-daliu\/"},"modified":"2026-04-16T01:11:43","modified_gmt":"2026-04-16T01:11:43","slug":"smuginiu-1-ilgu-galvu-komplektas-24-46mm-7-daliu","status":"publish","type":"product","link":"https:\/\/irankiuzona.lt\/ru\/product\/smuginiu-1-ilgu-galvu-komplektas-24-46mm-7-daliu\/","title":{"rendered":"Sm\u016bgini\u0173 1&quot; ilg\u0173 galv\u0173 komplektas (24-46mm) 7 dali\u0173"},"content":{"rendered":"<p>Komplekte (76mm ilgio): 24 &#8211; 27 &#8211; 30 &#8211; 32 &#8211; 36 &#8211; 41 &#8211; 46 mm<\/p>","protected":false},"excerpt":{"rendered":"<p>JCB-8072-5MPB Cr-Mo sm\u016bgini\u0173 ilg\u0173 1&quot; galvu\u010di\u0173 komplektas metalin\u0117je d\u0117\u017eut\u0117je, 24-46mm<\/p>","protected":false},"featured_media":406276,"comment_status":"open","ping_status":"open","template":"","meta":[],"product_cat":[9988],"product_tag":[10143],"class_list":{"0":"post-406274","1":"product","2":"type-product","3":"status-publish","4":"has-post-thumbnail","6":"product_brand-jcb","7":"product_cat-smuginiu-sesiakampiu-galvuciu-komplektai","8":"product_tag-jcb","10":"first","11":"instock","12":"purchasable","13":"product-type-simple"},"jetpack_sharing_enabled":true,"_links":{"self":[{"href":"https:\/\/irankiuzona.lt\/ru\/wp-json\/wp\/v2\/product\/406274","targetHints":{"allow":["GET"]}}],"collection":[{"href":"https:\/\/irankiuzona.lt\/ru\/wp-json\/wp\/v2\/product"}],"about":[{"href":"https:\/\/irankiuzona.lt\/ru\/wp-json\/wp\/v2\/types\/product"}],"replies":[{"embeddable":true,"href":"https:\/\/irankiuzona.lt\/ru\/wp-json\/wp\/v2\/comments?post=406274"}],"version-history":[{"count":1,"href":"https:\/\/irankiuzona.lt\/ru\/wp-json\/wp\/v2\/product\/406274\/revisions"}],"predecessor-version":[{"id":426715,"href":"https:\/\/irankiuzona.lt\/ru\/wp-json\/wp\/v2\/product\/406274\/revisions\/426715"}],"wp:featuredmedia":[{"embeddable":true,"href":"https:\/\/irankiuzona.lt\/ru\/wp-json\/wp\/v2\/media\/406276"}],"wp:attachment":[{"href":"https:\/\/irankiuzona.lt\/ru\/wp-json\/wp\/v2\/media?parent=406274"}],"wp:term":[{"taxonomy":"product_cat","embeddable":true,"href":"https:\/\/irankiuzona.lt\/ru\/wp-json\/wp\/v2\/product_cat?post=406274"},{"taxonomy":"product_tag","embeddable":true,"href":"https:\/\/irankiuzona.lt\/ru\/wp-json\/wp\/v2\/product_tag?post=406274"}],"curies":[{"name":"wp","href":"https:\/\/api.w.org\/{rel}","templated":true}]}}