{"id":406280,"date":"2025-07-01T09:07:28","date_gmt":"2025-07-01T09:07:28","guid":{"rendered":"https:\/\/irankiuzona.lt\/product\/smugine-1-2-17mm-galvute-ratams-su-apsauga\/"},"modified":"2026-04-23T10:38:04","modified_gmt":"2026-04-23T10:38:04","slug":"smugine-1-2-17mm-galvute-ratams-su-apsauga","status":"publish","type":"product","link":"https:\/\/irankiuzona.lt\/ru\/product\/smugine-1-2-17mm-galvute-ratams-su-apsauga\/","title":{"rendered":"Sm\u016bgin\u0117 1\/2 17mm galvut\u0117 ratams su apsauga"},"content":{"rendered":"<p>17mmIlgis: 80mm<\/p>","protected":false},"excerpt":{"rendered":"<p>JCB-4457917C cr-mo ilga 1\/2 17mm galva rat\u0173 var\u017etams su plastikine apsauga, nuo ratlanki\u0173 subrai\u017eymo<\/p>","protected":false},"featured_media":406282,"comment_status":"open","ping_status":"open","template":"","meta":[],"product_cat":[9492],"product_tag":[10143],"class_list":{"0":"post-406280","1":"product","2":"type-product","3":"status-publish","4":"has-post-thumbnail","6":"product_brand-jcb","7":"product_cat-ratu-varztams-galvutes-raktai-sepeciai","8":"product_tag-jcb","10":"first","11":"instock","12":"purchasable","13":"product-type-simple"},"jetpack_sharing_enabled":true,"_links":{"self":[{"href":"https:\/\/irankiuzona.lt\/ru\/wp-json\/wp\/v2\/product\/406280","targetHints":{"allow":["GET"]}}],"collection":[{"href":"https:\/\/irankiuzona.lt\/ru\/wp-json\/wp\/v2\/product"}],"about":[{"href":"https:\/\/irankiuzona.lt\/ru\/wp-json\/wp\/v2\/types\/product"}],"replies":[{"embeddable":true,"href":"https:\/\/irankiuzona.lt\/ru\/wp-json\/wp\/v2\/comments?post=406280"}],"version-history":[{"count":1,"href":"https:\/\/irankiuzona.lt\/ru\/wp-json\/wp\/v2\/product\/406280\/revisions"}],"predecessor-version":[{"id":426759,"href":"https:\/\/irankiuzona.lt\/ru\/wp-json\/wp\/v2\/product\/406280\/revisions\/426759"}],"wp:featuredmedia":[{"embeddable":true,"href":"https:\/\/irankiuzona.lt\/ru\/wp-json\/wp\/v2\/media\/406282"}],"wp:attachment":[{"href":"https:\/\/irankiuzona.lt\/ru\/wp-json\/wp\/v2\/media?parent=406280"}],"wp:term":[{"taxonomy":"product_cat","embeddable":true,"href":"https:\/\/irankiuzona.lt\/ru\/wp-json\/wp\/v2\/product_cat?post=406280"},{"taxonomy":"product_tag","embeddable":true,"href":"https:\/\/irankiuzona.lt\/ru\/wp-json\/wp\/v2\/product_tag?post=406280"}],"curies":[{"name":"wp","href":"https:\/\/api.w.org\/{rel}","templated":true}]}}