{"id":406292,"date":"2025-07-01T09:07:42","date_gmt":"2025-07-01T09:07:42","guid":{"rendered":"https:\/\/irankiuzona.lt\/product\/smuginiu-3-4-trumpu-galvu-komplektas-17-46mm-10daliu\/"},"modified":"2026-04-15T22:05:13","modified_gmt":"2026-04-15T22:05:13","slug":"smuginiu-3-4-trumpu-galvu-komplektas-17-46mm-10daliu","status":"publish","type":"product","link":"https:\/\/irankiuzona.lt\/ru\/product\/smuginiu-3-4-trumpu-galvu-komplektas-17-46mm-10daliu\/","title":{"rendered":"Sm\u016bgini\u0173 3\/4 trump\u0173 galv\u0173 komplektas (17-46mm) 10dali\u0173"},"content":{"rendered":"<p>Komplekte (55mm ilgio): 17 &#8211; 19 &#8211; 22 &#8211; 24 &#8211; 27 -30 &#8211; 32 &#8211; 36 &#8211; 41 &#8211; 46 mm<\/p>","protected":false},"excerpt":{"rendered":"<p>JCB-6101-5MPB Cr-Mo sm\u016bgini\u0173 3\/4 trum-\u0173 galvu\u010di\u0173 komplektas metalin\u0117je d\u0117\u017eut\u0117je, 17-46mm<\/p>","protected":false},"featured_media":406294,"comment_status":"open","ping_status":"open","template":"","meta":[],"product_cat":[9988],"product_tag":[10143],"class_list":{"0":"post-406292","1":"product","2":"type-product","3":"status-publish","4":"has-post-thumbnail","6":"product_brand-jcb","7":"product_cat-smuginiu-sesiakampiu-galvuciu-komplektai","8":"product_tag-jcb","10":"first","11":"outofstock","12":"purchasable","13":"product-type-simple"},"jetpack_sharing_enabled":true,"_links":{"self":[{"href":"https:\/\/irankiuzona.lt\/ru\/wp-json\/wp\/v2\/product\/406292","targetHints":{"allow":["GET"]}}],"collection":[{"href":"https:\/\/irankiuzona.lt\/ru\/wp-json\/wp\/v2\/product"}],"about":[{"href":"https:\/\/irankiuzona.lt\/ru\/wp-json\/wp\/v2\/types\/product"}],"replies":[{"embeddable":true,"href":"https:\/\/irankiuzona.lt\/ru\/wp-json\/wp\/v2\/comments?post=406292"}],"version-history":[{"count":1,"href":"https:\/\/irankiuzona.lt\/ru\/wp-json\/wp\/v2\/product\/406292\/revisions"}],"predecessor-version":[{"id":426769,"href":"https:\/\/irankiuzona.lt\/ru\/wp-json\/wp\/v2\/product\/406292\/revisions\/426769"}],"wp:featuredmedia":[{"embeddable":true,"href":"https:\/\/irankiuzona.lt\/ru\/wp-json\/wp\/v2\/media\/406294"}],"wp:attachment":[{"href":"https:\/\/irankiuzona.lt\/ru\/wp-json\/wp\/v2\/media?parent=406292"}],"wp:term":[{"taxonomy":"product_cat","embeddable":true,"href":"https:\/\/irankiuzona.lt\/ru\/wp-json\/wp\/v2\/product_cat?post=406292"},{"taxonomy":"product_tag","embeddable":true,"href":"https:\/\/irankiuzona.lt\/ru\/wp-json\/wp\/v2\/product_tag?post=406292"}],"curies":[{"name":"wp","href":"https:\/\/api.w.org\/{rel}","templated":true}]}}