{"id":406301,"date":"2025-07-01T09:07:49","date_gmt":"2025-07-01T09:07:49","guid":{"rendered":"https:\/\/irankiuzona.lt\/product\/grandinine-gerve-1ton-3m\/"},"modified":"2026-04-11T21:00:37","modified_gmt":"2026-04-11T21:00:37","slug":"grandinine-gerve-1ton-3m","status":"publish","type":"product","link":"https:\/\/irankiuzona.lt\/ru\/product\/grandinine-gerve-1ton-3m\/","title":{"rendered":"Grandinin\u0117 gerv\u0117 1Ton 3m"},"content":{"rendered":"<p>Apkrova: iki 1ton \/ 1000kgGrandin\u0117s ilgis: 3mGrandin\u0117s storis: 6mm<\/p>","protected":false},"excerpt":{"rendered":"<p>Grandinin\u0117 k\u0117limo gerv\u0117 iki 1000kg apkrovos, grandin\u0117s ilgis 3metrai<\/p>","protected":false},"featured_media":406303,"comment_status":"open","ping_status":"open","template":"","meta":[],"product_cat":[9652],"product_tag":[10148],"class_list":{"0":"post-406301","1":"product","2":"type-product","3":"status-publish","4":"has-post-thumbnail","6":"product_brand-scheppach","7":"product_cat-grandinines-lynines-gerves-juostines-traukes","8":"product_tag-scheppach","10":"first","11":"outofstock","12":"purchasable","13":"product-type-simple"},"jetpack_sharing_enabled":true,"_links":{"self":[{"href":"https:\/\/irankiuzona.lt\/ru\/wp-json\/wp\/v2\/product\/406301","targetHints":{"allow":["GET"]}}],"collection":[{"href":"https:\/\/irankiuzona.lt\/ru\/wp-json\/wp\/v2\/product"}],"about":[{"href":"https:\/\/irankiuzona.lt\/ru\/wp-json\/wp\/v2\/types\/product"}],"replies":[{"embeddable":true,"href":"https:\/\/irankiuzona.lt\/ru\/wp-json\/wp\/v2\/comments?post=406301"}],"version-history":[{"count":1,"href":"https:\/\/irankiuzona.lt\/ru\/wp-json\/wp\/v2\/product\/406301\/revisions"}],"predecessor-version":[{"id":426773,"href":"https:\/\/irankiuzona.lt\/ru\/wp-json\/wp\/v2\/product\/406301\/revisions\/426773"}],"wp:featuredmedia":[{"embeddable":true,"href":"https:\/\/irankiuzona.lt\/ru\/wp-json\/wp\/v2\/media\/406303"}],"wp:attachment":[{"href":"https:\/\/irankiuzona.lt\/ru\/wp-json\/wp\/v2\/media?parent=406301"}],"wp:term":[{"taxonomy":"product_cat","embeddable":true,"href":"https:\/\/irankiuzona.lt\/ru\/wp-json\/wp\/v2\/product_cat?post=406301"},{"taxonomy":"product_tag","embeddable":true,"href":"https:\/\/irankiuzona.lt\/ru\/wp-json\/wp\/v2\/product_tag?post=406301"}],"curies":[{"name":"wp","href":"https:\/\/api.w.org\/{rel}","templated":true}]}}