{"id":406310,"date":"2025-07-01T09:07:55","date_gmt":"2025-07-01T09:07:55","guid":{"rendered":"https:\/\/irankiuzona.lt\/product\/sriegikliu-ir-sriegpjoviu-komplektas-40daliu-m3-m12\/"},"modified":"2026-04-16T06:19:45","modified_gmt":"2026-04-16T06:19:45","slug":"sriegikliu-ir-sriegpjoviu-komplektas-40daliu-m3-m12","status":"publish","type":"product","link":"https:\/\/irankiuzona.lt\/ru\/product\/sriegikliu-ir-sriegpjoviu-komplektas-40daliu-m3-m12\/","title":{"rendered":"Sriegikli\u0173 ir sriegpjovi\u0173 komplektas 40dali\u0173 (M3-M12)"},"content":{"rendered":"<p>Komplekte:\u00a0\u041c3&#215;0.5\u00a0&#8211; M3x0.6 &#8211; \u041c4&#215;0.7 &#8211; M4x0.75 &#8211; \u041c5&#215;0.8 &#8211; M5x0.9 &#8211; \u041c6&#215;0.75 &#8211; M6x1.0 &#8211; \u041c7&#215;0.75 &#8211; M7x1.0 &#8211; \u041c8&#215;1.0 &#8211; M8x1.25 &#8211; \u041c10&#215;1.25 &#8211; M10x1.5 &#8211; \u041c12&#215;1.5 &#8211; M12x1.75<\/p>","protected":false},"excerpt":{"rendered":"<p>Sriegimo \u012franki\u0173 komplektas (sriegikliai ir sriegpjov\u0117s) 40dali\u0173 M3-M12 \/ Scheppach\u00a0M040-1<\/p>","protected":false},"featured_media":406312,"comment_status":"open","ping_status":"open","template":"","meta":[],"product_cat":[9546],"product_tag":[10148],"class_list":{"0":"post-406310","1":"product","2":"type-product","3":"status-publish","4":"has-post-thumbnail","6":"product_brand-scheppach","7":"product_cat-sriegikliu-ir-sriegpjoviu-komplektai","8":"product_tag-scheppach","10":"first","11":"instock","12":"purchasable","13":"product-type-simple"},"jetpack_sharing_enabled":true,"_links":{"self":[{"href":"https:\/\/irankiuzona.lt\/ru\/wp-json\/wp\/v2\/product\/406310","targetHints":{"allow":["GET"]}}],"collection":[{"href":"https:\/\/irankiuzona.lt\/ru\/wp-json\/wp\/v2\/product"}],"about":[{"href":"https:\/\/irankiuzona.lt\/ru\/wp-json\/wp\/v2\/types\/product"}],"replies":[{"embeddable":true,"href":"https:\/\/irankiuzona.lt\/ru\/wp-json\/wp\/v2\/comments?post=406310"}],"version-history":[{"count":1,"href":"https:\/\/irankiuzona.lt\/ru\/wp-json\/wp\/v2\/product\/406310\/revisions"}],"predecessor-version":[{"id":426777,"href":"https:\/\/irankiuzona.lt\/ru\/wp-json\/wp\/v2\/product\/406310\/revisions\/426777"}],"wp:featuredmedia":[{"embeddable":true,"href":"https:\/\/irankiuzona.lt\/ru\/wp-json\/wp\/v2\/media\/406312"}],"wp:attachment":[{"href":"https:\/\/irankiuzona.lt\/ru\/wp-json\/wp\/v2\/media?parent=406310"}],"wp:term":[{"taxonomy":"product_cat","embeddable":true,"href":"https:\/\/irankiuzona.lt\/ru\/wp-json\/wp\/v2\/product_cat?post=406310"},{"taxonomy":"product_tag","embeddable":true,"href":"https:\/\/irankiuzona.lt\/ru\/wp-json\/wp\/v2\/product_tag?post=406310"}],"curies":[{"name":"wp","href":"https:\/\/api.w.org\/{rel}","templated":true}]}}