{"id":406316,"date":"2025-07-01T09:07:59","date_gmt":"2025-07-01T09:07:59","guid":{"rendered":"https:\/\/irankiuzona.lt\/product\/smugine-1-95mm-galvute-cr-mo\/"},"modified":"2026-04-16T16:22:27","modified_gmt":"2026-04-16T16:22:27","slug":"smugine-1-95mm-galvute-cr-mo","status":"publish","type":"product","link":"https:\/\/irankiuzona.lt\/ru\/product\/smugine-1-95mm-galvute-cr-mo\/","title":{"rendered":"Sm\u016bgin\u0117 1&#8221; 95mm galvut\u0117 Cr-Mo"},"content":{"rendered":"<p>Ilgis: 110mm<\/p>","protected":false},"excerpt":{"rendered":"<p>JCB-48595 Galva kalama 1&#8221; Cr-Mo 95mm<\/p>","protected":false},"featured_media":406318,"comment_status":"open","ping_status":"open","template":"","meta":[],"product_cat":[9772],"product_tag":[10143],"class_list":{"0":"post-406316","1":"product","2":"type-product","3":"status-publish","4":"has-post-thumbnail","6":"product_brand-jcb","7":"product_cat-1-25-mm-trumpos-ir-ilgos-smugines-sesiakampes-galvutes","8":"product_tag-jcb","10":"first","11":"instock","12":"purchasable","13":"product-type-simple"},"jetpack_sharing_enabled":true,"_links":{"self":[{"href":"https:\/\/irankiuzona.lt\/ru\/wp-json\/wp\/v2\/product\/406316","targetHints":{"allow":["GET"]}}],"collection":[{"href":"https:\/\/irankiuzona.lt\/ru\/wp-json\/wp\/v2\/product"}],"about":[{"href":"https:\/\/irankiuzona.lt\/ru\/wp-json\/wp\/v2\/types\/product"}],"replies":[{"embeddable":true,"href":"https:\/\/irankiuzona.lt\/ru\/wp-json\/wp\/v2\/comments?post=406316"}],"version-history":[{"count":1,"href":"https:\/\/irankiuzona.lt\/ru\/wp-json\/wp\/v2\/product\/406316\/revisions"}],"predecessor-version":[{"id":426779,"href":"https:\/\/irankiuzona.lt\/ru\/wp-json\/wp\/v2\/product\/406316\/revisions\/426779"}],"wp:featuredmedia":[{"embeddable":true,"href":"https:\/\/irankiuzona.lt\/ru\/wp-json\/wp\/v2\/media\/406318"}],"wp:attachment":[{"href":"https:\/\/irankiuzona.lt\/ru\/wp-json\/wp\/v2\/media?parent=406316"}],"wp:term":[{"taxonomy":"product_cat","embeddable":true,"href":"https:\/\/irankiuzona.lt\/ru\/wp-json\/wp\/v2\/product_cat?post=406316"},{"taxonomy":"product_tag","embeddable":true,"href":"https:\/\/irankiuzona.lt\/ru\/wp-json\/wp\/v2\/product_tag?post=406316"}],"curies":[{"name":"wp","href":"https:\/\/api.w.org\/{rel}","templated":true}]}}