{"id":406319,"date":"2025-07-01T09:08:02","date_gmt":"2025-07-01T09:08:02","guid":{"rendered":"https:\/\/irankiuzona.lt\/product\/smugine-1-80mm-galvute-cr-mo\/"},"modified":"2026-04-22T10:36:55","modified_gmt":"2026-04-22T10:36:55","slug":"smugine-1-80mm-galvute-cr-mo","status":"publish","type":"product","link":"https:\/\/irankiuzona.lt\/ru\/product\/smugine-1-80mm-galvute-cr-mo\/","title":{"rendered":"Sm\u016bgin\u0117 1&#8221; 80mm galvut\u0117 Cr-Mo"},"content":{"rendered":"<p>Ilgis: 100mm<\/p>","protected":false},"excerpt":{"rendered":"<p>JCB-48580 Galva kalama 1&#8221; Cr-Mo 80mm<\/p>","protected":false},"featured_media":406321,"comment_status":"open","ping_status":"open","template":"","meta":[],"product_cat":[9772],"product_tag":[10143],"class_list":{"0":"post-406319","1":"product","2":"type-product","3":"status-publish","4":"has-post-thumbnail","6":"product_brand-jcb","7":"product_cat-1-25-mm-trumpos-ir-ilgos-smugines-sesiakampes-galvutes","8":"product_tag-jcb","10":"first","11":"instock","12":"purchasable","13":"product-type-simple"},"jetpack_sharing_enabled":true,"_links":{"self":[{"href":"https:\/\/irankiuzona.lt\/ru\/wp-json\/wp\/v2\/product\/406319","targetHints":{"allow":["GET"]}}],"collection":[{"href":"https:\/\/irankiuzona.lt\/ru\/wp-json\/wp\/v2\/product"}],"about":[{"href":"https:\/\/irankiuzona.lt\/ru\/wp-json\/wp\/v2\/types\/product"}],"replies":[{"embeddable":true,"href":"https:\/\/irankiuzona.lt\/ru\/wp-json\/wp\/v2\/comments?post=406319"}],"version-history":[{"count":1,"href":"https:\/\/irankiuzona.lt\/ru\/wp-json\/wp\/v2\/product\/406319\/revisions"}],"predecessor-version":[{"id":426780,"href":"https:\/\/irankiuzona.lt\/ru\/wp-json\/wp\/v2\/product\/406319\/revisions\/426780"}],"wp:featuredmedia":[{"embeddable":true,"href":"https:\/\/irankiuzona.lt\/ru\/wp-json\/wp\/v2\/media\/406321"}],"wp:attachment":[{"href":"https:\/\/irankiuzona.lt\/ru\/wp-json\/wp\/v2\/media?parent=406319"}],"wp:term":[{"taxonomy":"product_cat","embeddable":true,"href":"https:\/\/irankiuzona.lt\/ru\/wp-json\/wp\/v2\/product_cat?post=406319"},{"taxonomy":"product_tag","embeddable":true,"href":"https:\/\/irankiuzona.lt\/ru\/wp-json\/wp\/v2\/product_tag?post=406319"}],"curies":[{"name":"wp","href":"https:\/\/api.w.org\/{rel}","templated":true}]}}