{"id":406322,"date":"2025-07-01T09:08:04","date_gmt":"2025-07-01T09:08:04","guid":{"rendered":"https:\/\/irankiuzona.lt\/product\/sriegikliu-ir-sriegpjoviu-komplektas-110daliu-m2-m18\/"},"modified":"2026-04-20T16:29:01","modified_gmt":"2026-04-20T16:29:01","slug":"sriegikliu-ir-sriegpjoviu-komplektas-110daliu-m2-m18","status":"publish","type":"product","link":"https:\/\/irankiuzona.lt\/ru\/product\/sriegikliu-ir-sriegpjoviu-komplektas-110daliu-m2-m18\/","title":{"rendered":"Sriegikli\u0173 ir sriegpjovi\u0173 komplektas 110dali\u0173 (M2-M18)"},"content":{"rendered":"<p>Komplekte: M2x0.4\u00a0&#8211; M3x0.5 &#8211; M4x0.7 -M5x0.8 &#8211; M6x0.75 &#8211; M6x1.0 &#8211; M7x0.75 &#8211; M7x1.0 &#8211; M8x0.75 &#8211; M8x1.0 &#8211; M8x1.25 &#8211; M9x0.75 &#8211; M9x1.0 &#8211; M9x1.25 &#8211; M10x0.75 &#8211; M10x1.0 &#8211; M10x1.25 &#8211; M10x1.5 &#8211; M11x0.75 &#8211; M11x1.0 &#8211; M11x1.25 &#8211; M11x1.5 &#8211; M12x0.75 &#8211; M12x1.0 &#8211; M12x1.25 &#8211; M12x1.5 &#8211; M12x1.75 &#8211; M14x1.0 &#8211; M14x1.25 &#8211; M14x1.5 &#8211; M14x2.0 &#8211; M16x1.0 &#8211; M16x1.5 &#8211; M16x2.0\u00a0 &#8211; M18x1.5<\/p>","protected":false},"excerpt":{"rendered":"<p>Sriegimo \u012franki\u0173 komplektas (sriegikliai ir sriegpjov\u0117s) 110dali\u0173 M2-M18 \/ Scheppach\u00a0M110-1<\/p>","protected":false},"featured_media":406324,"comment_status":"open","ping_status":"open","template":"","meta":[],"product_cat":[9546],"product_tag":[10148],"class_list":{"0":"post-406322","1":"product","2":"type-product","3":"status-publish","4":"has-post-thumbnail","6":"product_brand-scheppach","7":"product_cat-sriegikliu-ir-sriegpjoviu-komplektai","8":"product_tag-scheppach","10":"first","11":"instock","12":"purchasable","13":"product-type-simple"},"jetpack_sharing_enabled":true,"_links":{"self":[{"href":"https:\/\/irankiuzona.lt\/ru\/wp-json\/wp\/v2\/product\/406322","targetHints":{"allow":["GET"]}}],"collection":[{"href":"https:\/\/irankiuzona.lt\/ru\/wp-json\/wp\/v2\/product"}],"about":[{"href":"https:\/\/irankiuzona.lt\/ru\/wp-json\/wp\/v2\/types\/product"}],"replies":[{"embeddable":true,"href":"https:\/\/irankiuzona.lt\/ru\/wp-json\/wp\/v2\/comments?post=406322"}],"version-history":[{"count":1,"href":"https:\/\/irankiuzona.lt\/ru\/wp-json\/wp\/v2\/product\/406322\/revisions"}],"predecessor-version":[{"id":426782,"href":"https:\/\/irankiuzona.lt\/ru\/wp-json\/wp\/v2\/product\/406322\/revisions\/426782"}],"wp:featuredmedia":[{"embeddable":true,"href":"https:\/\/irankiuzona.lt\/ru\/wp-json\/wp\/v2\/media\/406324"}],"wp:attachment":[{"href":"https:\/\/irankiuzona.lt\/ru\/wp-json\/wp\/v2\/media?parent=406322"}],"wp:term":[{"taxonomy":"product_cat","embeddable":true,"href":"https:\/\/irankiuzona.lt\/ru\/wp-json\/wp\/v2\/product_cat?post=406322"},{"taxonomy":"product_tag","embeddable":true,"href":"https:\/\/irankiuzona.lt\/ru\/wp-json\/wp\/v2\/product_tag?post=406322"}],"curies":[{"name":"wp","href":"https:\/\/api.w.org\/{rel}","templated":true}]}}