{"id":406331,"date":"2025-07-01T09:08:10","date_gmt":"2025-07-01T09:08:10","guid":{"rendered":"https:\/\/irankiuzona.lt\/product\/sriegikliu-ir-sriegpjoviu-komplektas-58daliu-m2-m12\/"},"modified":"2026-04-20T18:33:33","modified_gmt":"2026-04-20T18:33:33","slug":"sriegikliu-ir-sriegpjoviu-komplektas-58daliu-m2-m12","status":"publish","type":"product","link":"https:\/\/irankiuzona.lt\/ru\/product\/sriegikliu-ir-sriegpjoviu-komplektas-58daliu-m2-m12\/","title":{"rendered":"Sriegikli\u0173 ir sriegpjovi\u0173 komplektas 58dali\u0173 (M2-M12)"},"content":{"rendered":"<p>Komplekte: M2x0.4 &#8211; M3x0.5 &#8211; M3x0.6 &#8211; M3.5&#215;0.6 &#8211; M4x0.7 &#8211; M4x0.75 &#8211; M5x0.8 &#8211; M6x0.75 &#8211; M6x1.0 &#8211; M7x0.75 &#8211; M7x1.0 &#8211; M8x1.0 &#8211; M8x1.25 &#8211; M10x1.25 &#8211; M10x1.5 &#8211; M12x1.25 &#8211; M12x1.75 &#8211; 1\/8-27<\/p>","protected":false},"excerpt":{"rendered":"<p>Sriegimo \u012franki\u0173 komplektas (sriegikliai ir sriegpjov\u0117s) 58dali\u0173 M2-M12 \/ Scheppach\u00a0M058-1<\/p>","protected":false},"featured_media":406333,"comment_status":"open","ping_status":"open","template":"","meta":[],"product_cat":[9546],"product_tag":[10148],"class_list":{"0":"post-406331","1":"product","2":"type-product","3":"status-publish","4":"has-post-thumbnail","6":"product_brand-scheppach","7":"product_cat-sriegikliu-ir-sriegpjoviu-komplektai","8":"product_tag-scheppach","10":"first","11":"instock","12":"purchasable","13":"product-type-simple"},"jetpack_sharing_enabled":true,"_links":{"self":[{"href":"https:\/\/irankiuzona.lt\/ru\/wp-json\/wp\/v2\/product\/406331","targetHints":{"allow":["GET"]}}],"collection":[{"href":"https:\/\/irankiuzona.lt\/ru\/wp-json\/wp\/v2\/product"}],"about":[{"href":"https:\/\/irankiuzona.lt\/ru\/wp-json\/wp\/v2\/types\/product"}],"replies":[{"embeddable":true,"href":"https:\/\/irankiuzona.lt\/ru\/wp-json\/wp\/v2\/comments?post=406331"}],"version-history":[{"count":1,"href":"https:\/\/irankiuzona.lt\/ru\/wp-json\/wp\/v2\/product\/406331\/revisions"}],"predecessor-version":[{"id":426785,"href":"https:\/\/irankiuzona.lt\/ru\/wp-json\/wp\/v2\/product\/406331\/revisions\/426785"}],"wp:featuredmedia":[{"embeddable":true,"href":"https:\/\/irankiuzona.lt\/ru\/wp-json\/wp\/v2\/media\/406333"}],"wp:attachment":[{"href":"https:\/\/irankiuzona.lt\/ru\/wp-json\/wp\/v2\/media?parent=406331"}],"wp:term":[{"taxonomy":"product_cat","embeddable":true,"href":"https:\/\/irankiuzona.lt\/ru\/wp-json\/wp\/v2\/product_cat?post=406331"},{"taxonomy":"product_tag","embeddable":true,"href":"https:\/\/irankiuzona.lt\/ru\/wp-json\/wp\/v2\/product_tag?post=406331"}],"curies":[{"name":"wp","href":"https:\/\/api.w.org\/{rel}","templated":true}]}}