{"id":406334,"date":"2025-07-01T09:08:13","date_gmt":"2025-07-01T09:08:13","guid":{"rendered":"https:\/\/irankiuzona.lt\/product\/coliniu-sriegikliu-ir-sriegpjoviu-komplektas-24daliu-1-4-20-1-8-27\/"},"modified":"2026-04-20T20:29:32","modified_gmt":"2026-04-20T20:29:32","slug":"coliniu-sriegikliu-ir-sriegpjoviu-komplektas-24daliu-1-4-20-1-8-27","status":"publish","type":"product","link":"https:\/\/irankiuzona.lt\/ru\/product\/coliniu-sriegikliu-ir-sriegpjoviu-komplektas-24daliu-1-4-20-1-8-27\/","title":{"rendered":"Colini\u0173 sriegikli\u0173 ir sriegpjovi\u0173 komplektas 24dali\u0173 (1\/4-20 &#8211; 1\/8-27)"},"content":{"rendered":"<p>Komplekte: 1\/4-20 ; 5\/16-18 ; 3\/8-16 ; 7\/16-14 ; 1\/4-28 ; 5\/16-24 ; 3\/8-24 ; 7\/16-20 ; 1\/2-13 ; 1\/2-20 ; 1\/8-27<\/p>","protected":false},"excerpt":{"rendered":"<p>Sriegimo \u012franki\u0173 komplektas (sriegikliai ir sriegpjov\u0117s) colini\u0173 dyd\u017ei\u0173 ir \u017eingsni\u0173 24dali\u0173 (1\/4-20 &#8211; 1\/8-27) \/ Scheppach\u00a0M024-2<\/p>","protected":false},"featured_media":406336,"comment_status":"open","ping_status":"open","template":"","meta":[],"product_cat":[9546],"product_tag":[10148],"class_list":{"0":"post-406334","1":"product","2":"type-product","3":"status-publish","4":"has-post-thumbnail","6":"product_brand-scheppach","7":"product_cat-sriegikliu-ir-sriegpjoviu-komplektai","8":"product_tag-scheppach","10":"first","11":"instock","12":"purchasable","13":"product-type-simple"},"jetpack_sharing_enabled":true,"_links":{"self":[{"href":"https:\/\/irankiuzona.lt\/ru\/wp-json\/wp\/v2\/product\/406334","targetHints":{"allow":["GET"]}}],"collection":[{"href":"https:\/\/irankiuzona.lt\/ru\/wp-json\/wp\/v2\/product"}],"about":[{"href":"https:\/\/irankiuzona.lt\/ru\/wp-json\/wp\/v2\/types\/product"}],"replies":[{"embeddable":true,"href":"https:\/\/irankiuzona.lt\/ru\/wp-json\/wp\/v2\/comments?post=406334"}],"version-history":[{"count":1,"href":"https:\/\/irankiuzona.lt\/ru\/wp-json\/wp\/v2\/product\/406334\/revisions"}],"predecessor-version":[{"id":426786,"href":"https:\/\/irankiuzona.lt\/ru\/wp-json\/wp\/v2\/product\/406334\/revisions\/426786"}],"wp:featuredmedia":[{"embeddable":true,"href":"https:\/\/irankiuzona.lt\/ru\/wp-json\/wp\/v2\/media\/406336"}],"wp:attachment":[{"href":"https:\/\/irankiuzona.lt\/ru\/wp-json\/wp\/v2\/media?parent=406334"}],"wp:term":[{"taxonomy":"product_cat","embeddable":true,"href":"https:\/\/irankiuzona.lt\/ru\/wp-json\/wp\/v2\/product_cat?post=406334"},{"taxonomy":"product_tag","embeddable":true,"href":"https:\/\/irankiuzona.lt\/ru\/wp-json\/wp\/v2\/product_tag?post=406334"}],"curies":[{"name":"wp","href":"https:\/\/api.w.org\/{rel}","templated":true}]}}