{"id":406337,"date":"2025-07-01T09:08:14","date_gmt":"2025-07-01T09:08:14","guid":{"rendered":"https:\/\/irankiuzona.lt\/product\/sriegikliu-ir-sriegpjoviu-komplektas-50daliu-metriniscolinis\/"},"modified":"2026-04-20T22:09:03","modified_gmt":"2026-04-20T22:09:03","slug":"sriegikliu-ir-sriegpjoviu-komplektas-50daliu-metriniscolinis","status":"publish","type":"product","link":"https:\/\/irankiuzona.lt\/ru\/product\/sriegikliu-ir-sriegpjoviu-komplektas-50daliu-metriniscolinis\/","title":{"rendered":"Sriegikli\u0173 ir sriegpjovi\u0173 komplektas 50dali\u0173 (metrinis+colinis)"},"content":{"rendered":"<p>Komplekte:\u00a0metriniai dyd\u017eiai: M3x0.5 &#8211; M4x0.7 &#8211; M5x0.8 &#8211; M6x1.0 &#8211; M8x1.25coliniai dyd\u017eiai: 6-32 ; 8-32 ; 10-32 ; 10-24 ; 12-24 ; 1\/4-20 ; 1\/4-28 ; 5\/16-18 ; 5\/16-24 ; 3\/8-16 ; 3\/8-24 ; 7\/16-14 ; 7\/16-20 ; 1\/2-13 ; 1\/2-20<\/p>","protected":false},"excerpt":{"rendered":"<p>Sriegimo \u012franki\u0173 komplektas (sriegikliai ir sriegpjov\u0117s) 50dali\u0173 metriniai\u00a0+ coliniai dyd\u017eiai ir \u017eingsniai \/ Scheppach\u00a0M050-3<\/p>","protected":false},"featured_media":406339,"comment_status":"open","ping_status":"open","template":"","meta":[],"product_cat":[9546],"product_tag":[10148],"class_list":{"0":"post-406337","1":"product","2":"type-product","3":"status-publish","4":"has-post-thumbnail","6":"product_brand-scheppach","7":"product_cat-sriegikliu-ir-sriegpjoviu-komplektai","8":"product_tag-scheppach","10":"first","11":"instock","12":"purchasable","13":"product-type-simple"},"jetpack_sharing_enabled":true,"_links":{"self":[{"href":"https:\/\/irankiuzona.lt\/ru\/wp-json\/wp\/v2\/product\/406337","targetHints":{"allow":["GET"]}}],"collection":[{"href":"https:\/\/irankiuzona.lt\/ru\/wp-json\/wp\/v2\/product"}],"about":[{"href":"https:\/\/irankiuzona.lt\/ru\/wp-json\/wp\/v2\/types\/product"}],"replies":[{"embeddable":true,"href":"https:\/\/irankiuzona.lt\/ru\/wp-json\/wp\/v2\/comments?post=406337"}],"version-history":[{"count":1,"href":"https:\/\/irankiuzona.lt\/ru\/wp-json\/wp\/v2\/product\/406337\/revisions"}],"predecessor-version":[{"id":426787,"href":"https:\/\/irankiuzona.lt\/ru\/wp-json\/wp\/v2\/product\/406337\/revisions\/426787"}],"wp:featuredmedia":[{"embeddable":true,"href":"https:\/\/irankiuzona.lt\/ru\/wp-json\/wp\/v2\/media\/406339"}],"wp:attachment":[{"href":"https:\/\/irankiuzona.lt\/ru\/wp-json\/wp\/v2\/media?parent=406337"}],"wp:term":[{"taxonomy":"product_cat","embeddable":true,"href":"https:\/\/irankiuzona.lt\/ru\/wp-json\/wp\/v2\/product_cat?post=406337"},{"taxonomy":"product_tag","embeddable":true,"href":"https:\/\/irankiuzona.lt\/ru\/wp-json\/wp\/v2\/product_tag?post=406337"}],"curies":[{"name":"wp","href":"https:\/\/api.w.org\/{rel}","templated":true}]}}