{"id":406343,"date":"2025-07-01T09:08:19","date_gmt":"2025-07-01T09:08:19","guid":{"rendered":"https:\/\/irankiuzona.lt\/product\/smugine-1-2-trumpa-36mm-12-kampe-galvute-plonasiene-cr-mo\/"},"modified":"2026-04-21T02:16:10","modified_gmt":"2026-04-21T02:16:10","slug":"smugine-1-2-trumpa-36mm-12-kampe-galvute-plonasiene-cr-mo","status":"publish","type":"product","link":"https:\/\/irankiuzona.lt\/ru\/product\/smugine-1-2-trumpa-36mm-12-kampe-galvute-plonasiene-cr-mo\/","title":{"rendered":"Sm\u016bgin\u0117 1\/2 trumpa 36mm 12-kamp\u0117 galvut\u0117 plonasien\u0117 (Cr-Mo)"},"content":{"rendered":"<p>36mm dvylikakamp\u0117\u00a0bi-hex<\/p>","protected":false},"excerpt":{"rendered":"<p>Galvut\u0117 CR-MO 1\/2 36mm dvylikakamp\u0117 plonasien\u0117 \/\u00a0JCB-44836TH<\/p>","protected":false},"featured_media":406345,"comment_status":"open","ping_status":"open","template":"","meta":[],"product_cat":[9980],"product_tag":[10143],"class_list":{"0":"post-406343","1":"product","2":"type-product","3":"status-publish","4":"has-post-thumbnail","6":"product_brand-jcb","7":"product_cat-trumpos-smugines-dvylikakampes-galvutes","8":"product_tag-jcb","10":"first","11":"instock","12":"purchasable","13":"product-type-simple"},"jetpack_sharing_enabled":true,"_links":{"self":[{"href":"https:\/\/irankiuzona.lt\/ru\/wp-json\/wp\/v2\/product\/406343","targetHints":{"allow":["GET"]}}],"collection":[{"href":"https:\/\/irankiuzona.lt\/ru\/wp-json\/wp\/v2\/product"}],"about":[{"href":"https:\/\/irankiuzona.lt\/ru\/wp-json\/wp\/v2\/types\/product"}],"replies":[{"embeddable":true,"href":"https:\/\/irankiuzona.lt\/ru\/wp-json\/wp\/v2\/comments?post=406343"}],"version-history":[{"count":1,"href":"https:\/\/irankiuzona.lt\/ru\/wp-json\/wp\/v2\/product\/406343\/revisions"}],"predecessor-version":[{"id":426789,"href":"https:\/\/irankiuzona.lt\/ru\/wp-json\/wp\/v2\/product\/406343\/revisions\/426789"}],"wp:featuredmedia":[{"embeddable":true,"href":"https:\/\/irankiuzona.lt\/ru\/wp-json\/wp\/v2\/media\/406345"}],"wp:attachment":[{"href":"https:\/\/irankiuzona.lt\/ru\/wp-json\/wp\/v2\/media?parent=406343"}],"wp:term":[{"taxonomy":"product_cat","embeddable":true,"href":"https:\/\/irankiuzona.lt\/ru\/wp-json\/wp\/v2\/product_cat?post=406343"},{"taxonomy":"product_tag","embeddable":true,"href":"https:\/\/irankiuzona.lt\/ru\/wp-json\/wp\/v2\/product_tag?post=406343"}],"curies":[{"name":"wp","href":"https:\/\/api.w.org\/{rel}","templated":true}]}}