{"id":406498,"date":"2025-07-02T02:40:41","date_gmt":"2025-07-02T02:40:41","guid":{"rendered":"https:\/\/irankiuzona.lt\/product\/pjovimo-diskas-210x30mm-100t-su-kietmetaliu\/"},"modified":"2026-05-15T11:20:31","modified_gmt":"2026-05-15T11:20:31","slug":"pjovimo-diskas-210x30mm-100t-su-kietmetaliu","status":"publish","type":"product","link":"https:\/\/irankiuzona.lt\/ru\/product\/pjovimo-diskas-210x30mm-100t-su-kietmetaliu\/","title":{"rendered":"Pjovimo diskas 210x30mm 100T su kietmetaliu"},"content":{"rendered":"<p>Kietmetalio pjovimo diskas tiksliam aliuminio, \u017ealvario, vario ir plastiko pjovimui.Diametras: 210mmCentrin\u0117 skyl\u0117: 30mm (adapteriai \u012f: 25,4mm &#8211; 20mm &#8211; 16mm)Dant\u0173 skai\u010dius: 100T<\/p>","protected":false},"excerpt":{"rendered":"<p>Pjovimo pj\u016bklo diskas aliuminiui, variui, \u017ealvariui pjauti su kietmetaliu 210mm diametro x 30mm centras, 100 dant\u0173.<\/p>","protected":false},"featured_media":406500,"comment_status":"open","ping_status":"open","template":"","meta":[],"product_cat":[9864],"product_tag":[9646],"class_list":{"0":"post-406498","1":"product","2":"type-product","3":"status-publish","4":"has-post-thumbnail","6":"product_brand-drel-lenkija","7":"product_cat-pjovimo-diskai-staklems","8":"product_tag-drel-lenkija","10":"first","11":"instock","12":"purchasable","13":"product-type-simple"},"jetpack_sharing_enabled":true,"_links":{"self":[{"href":"https:\/\/irankiuzona.lt\/ru\/wp-json\/wp\/v2\/product\/406498","targetHints":{"allow":["GET"]}}],"collection":[{"href":"https:\/\/irankiuzona.lt\/ru\/wp-json\/wp\/v2\/product"}],"about":[{"href":"https:\/\/irankiuzona.lt\/ru\/wp-json\/wp\/v2\/types\/product"}],"replies":[{"embeddable":true,"href":"https:\/\/irankiuzona.lt\/ru\/wp-json\/wp\/v2\/comments?post=406498"}],"version-history":[{"count":1,"href":"https:\/\/irankiuzona.lt\/ru\/wp-json\/wp\/v2\/product\/406498\/revisions"}],"predecessor-version":[{"id":426796,"href":"https:\/\/irankiuzona.lt\/ru\/wp-json\/wp\/v2\/product\/406498\/revisions\/426796"}],"wp:featuredmedia":[{"embeddable":true,"href":"https:\/\/irankiuzona.lt\/ru\/wp-json\/wp\/v2\/media\/406500"}],"wp:attachment":[{"href":"https:\/\/irankiuzona.lt\/ru\/wp-json\/wp\/v2\/media?parent=406498"}],"wp:term":[{"taxonomy":"product_cat","embeddable":true,"href":"https:\/\/irankiuzona.lt\/ru\/wp-json\/wp\/v2\/product_cat?post=406498"},{"taxonomy":"product_tag","embeddable":true,"href":"https:\/\/irankiuzona.lt\/ru\/wp-json\/wp\/v2\/product_tag?post=406498"}],"curies":[{"name":"wp","href":"https:\/\/api.w.org\/{rel}","templated":true}]}}