{"id":406515,"date":"2025-07-04T04:53:48","date_gmt":"2025-07-04T04:53:48","guid":{"rendered":"https:\/\/irankiuzona.lt\/product\/verzliasukis-pneumatinis-1-2-1356nm-trumpas\/"},"modified":"2025-10-11T01:29:34","modified_gmt":"2025-10-11T01:29:34","slug":"verzliasukis-pneumatinis-1-2-1356nm-trumpas","status":"publish","type":"product","link":"https:\/\/irankiuzona.lt\/ru\/product\/verzliasukis-pneumatinis-1-2-1356nm-trumpas\/","title":{"rendered":"Ver\u017eliasukis pneumatinis 1\/2&quot; 1356Nm trumpas"},"content":{"rendered":"<p>Metalinis, trumpas korpusas (120mm ilgio iki galvos u\u017ed\u0117jimo galo, bendras ilgis 140mm)Itin lengvas &#8211; 1,8kg.Trys atsukimo grei\u010diai \/ Trys u\u017esukimo grei\u010diai Ver\u017eliasukio dydis &#8211; 1\/2&#8243; Var\u017eto dydis &#8211; 25 mm (1&#8243;) Sukimo momento diapazonas (Nm) &#8211; 271-1220 Maksimalus sukimo momentas FT-LB (Nm) &#8211; 1356 Laisvi s\u016bkiai per minut\u0119 &#8211; 9000 Vid. oro s\u0105naudos CFM (l \/ min) &#8211; 144 Oro sl\u0117gis barais (PSI) &#8211; 6,3 bar ( 90 PSI ) Bendras Ilgis mm &#8211; 141 Neto mas\u0117 (kg) &#8211; 1,8 Oro \u017earna coli\u0173 &#8211; 3\/8&#8243; ( 10 mm\u00a0) Garso sl\u0117gio EN ISO 15744 dBA &#8211; 85 Vibracijos lygis &#8211; 2,8 m\/s2<\/p>","protected":false},"excerpt":{"rendered":"<p>Pneumatinis ver\u017eliasukis 1\/2&#8243; 1491Nm \/ Mighty-Seven<\/p>","protected":false},"featured_media":228490,"comment_status":"open","ping_status":"closed","template":"","meta":[],"product_cat":[9667],"product_tag":[9875],"class_list":{"0":"post-406515","1":"product","2":"type-product","3":"status-publish","4":"has-post-thumbnail","6":"product_brand-mighty-seven-m7","7":"product_cat-pneumatiniai-verzliasukiai","8":"product_tag-mighty-seven-m7","10":"first","11":"outofstock","12":"purchasable","13":"product-type-simple"},"jetpack_sharing_enabled":true,"_links":{"self":[{"href":"https:\/\/irankiuzona.lt\/ru\/wp-json\/wp\/v2\/product\/406515","targetHints":{"allow":["GET"]}}],"collection":[{"href":"https:\/\/irankiuzona.lt\/ru\/wp-json\/wp\/v2\/product"}],"about":[{"href":"https:\/\/irankiuzona.lt\/ru\/wp-json\/wp\/v2\/types\/product"}],"replies":[{"embeddable":true,"href":"https:\/\/irankiuzona.lt\/ru\/wp-json\/wp\/v2\/comments?post=406515"}],"version-history":[{"count":0,"href":"https:\/\/irankiuzona.lt\/ru\/wp-json\/wp\/v2\/product\/406515\/revisions"}],"wp:featuredmedia":[{"embeddable":true,"href":"https:\/\/irankiuzona.lt\/ru\/wp-json\/wp\/v2\/media\/228490"}],"wp:attachment":[{"href":"https:\/\/irankiuzona.lt\/ru\/wp-json\/wp\/v2\/media?parent=406515"}],"wp:term":[{"taxonomy":"product_cat","embeddable":true,"href":"https:\/\/irankiuzona.lt\/ru\/wp-json\/wp\/v2\/product_cat?post=406515"},{"taxonomy":"product_tag","embeddable":true,"href":"https:\/\/irankiuzona.lt\/ru\/wp-json\/wp\/v2\/product_tag?post=406515"}],"curies":[{"name":"wp","href":"https:\/\/api.w.org\/{rel}","templated":true}]}}