{"id":406517,"date":"2025-07-04T05:20:46","date_gmt":"2025-07-04T05:20:46","guid":{"rendered":"https:\/\/irankiuzona.lt\/product\/magnetinis-indas-su-tinkleliu\/"},"modified":"2025-07-04T05:20:46","modified_gmt":"2025-07-04T05:20:46","slug":"magnetinis-indas-su-tinkleliu","status":"publish","type":"product","link":"https:\/\/irankiuzona.lt\/ru\/product\/magnetinis-indas-su-tinkleliu\/","title":{"rendered":"Magnetinis indas su tinkleliu"},"content":{"rendered":"<p>Ma\u017e\u0173 dali\u0173 plovimui \/ nusausinimui- Tvirtas tinklas\u00a0&#8211; Pagaminta i\u0161 ner\u016bdijan\u010dio plieno- Vir\u0161utinis skersmuo: 27,3 cm- Apatinis skersmuo: 8,5 cm- Svoris: 360 g<\/p>","protected":false},"excerpt":{"rendered":"<p>Magnetinis indas su tinkleliu<\/p>","protected":false},"featured_media":233173,"comment_status":"open","ping_status":"open","template":"","meta":[],"product_cat":[9616],"product_tag":[9435],"class_list":{"0":"post-406517","1":"product","2":"type-product","3":"status-publish","4":"has-post-thumbnail","6":"product_brand-kinija","7":"product_cat-magnetines-lekstutes-magnetines-juostos","8":"product_tag-kinija","10":"first","11":"outofstock","12":"purchasable","13":"product-type-simple"},"jetpack_sharing_enabled":true,"_links":{"self":[{"href":"https:\/\/irankiuzona.lt\/ru\/wp-json\/wp\/v2\/product\/406517","targetHints":{"allow":["GET"]}}],"collection":[{"href":"https:\/\/irankiuzona.lt\/ru\/wp-json\/wp\/v2\/product"}],"about":[{"href":"https:\/\/irankiuzona.lt\/ru\/wp-json\/wp\/v2\/types\/product"}],"replies":[{"embeddable":true,"href":"https:\/\/irankiuzona.lt\/ru\/wp-json\/wp\/v2\/comments?post=406517"}],"version-history":[{"count":0,"href":"https:\/\/irankiuzona.lt\/ru\/wp-json\/wp\/v2\/product\/406517\/revisions"}],"wp:featuredmedia":[{"embeddable":true,"href":"https:\/\/irankiuzona.lt\/ru\/wp-json\/wp\/v2\/media\/233173"}],"wp:attachment":[{"href":"https:\/\/irankiuzona.lt\/ru\/wp-json\/wp\/v2\/media?parent=406517"}],"wp:term":[{"taxonomy":"product_cat","embeddable":true,"href":"https:\/\/irankiuzona.lt\/ru\/wp-json\/wp\/v2\/product_cat?post=406517"},{"taxonomy":"product_tag","embeddable":true,"href":"https:\/\/irankiuzona.lt\/ru\/wp-json\/wp\/v2\/product_tag?post=406517"}],"curies":[{"name":"wp","href":"https:\/\/api.w.org\/{rel}","templated":true}]}}