{"id":406521,"date":"2025-07-04T05:44:41","date_gmt":"2025-07-04T05:44:41","guid":{"rendered":"https:\/\/irankiuzona.lt\/product\/dildziu-k-tas-10\/"},"modified":"2025-07-04T05:44:41","modified_gmt":"2025-07-04T05:44:41","slug":"dildziu-k-tas-10","status":"publish","type":"product","link":"https:\/\/irankiuzona.lt\/ru\/product\/dildziu-k-tas-10\/","title":{"rendered":"Dild\u017ei\u0173 k-tas 10*"},"content":{"rendered":"<p>Dild\u0117s tiksliam stiklo, keramikos, med\u017eio ir metalo dildymui. 10 \u012fvairi\u0173 speciali\u0173 form\u0173. Naudoti papuo\u0161al\u0173 k\u016brimui, laikrod\u017ei\u0173 gamybai ir dro\u017eybai. Bendras ilgis: 140 mm, darbo zonos ilgis: 60 mm, skersmuo: 3 mm, pagaminta i\u0161 A3 plieno<\/p>","protected":false},"excerpt":{"rendered":"<p>Dild\u017ei\u0173 k-tas 10*<\/p>","protected":false},"featured_media":237293,"comment_status":"open","ping_status":"open","template":"","meta":[],"product_cat":[9572],"product_tag":[9969],"class_list":{"0":"post-406521","1":"product","2":"type-product","3":"status-publish","4":"has-post-thumbnail","6":"product_brand-hogert-technik-vokietija","7":"product_cat-metalo-dildes","8":"product_tag-hogert-technik-vokietija","10":"first","11":"instock","12":"purchasable","13":"product-type-simple"},"jetpack_sharing_enabled":true,"_links":{"self":[{"href":"https:\/\/irankiuzona.lt\/ru\/wp-json\/wp\/v2\/product\/406521","targetHints":{"allow":["GET"]}}],"collection":[{"href":"https:\/\/irankiuzona.lt\/ru\/wp-json\/wp\/v2\/product"}],"about":[{"href":"https:\/\/irankiuzona.lt\/ru\/wp-json\/wp\/v2\/types\/product"}],"replies":[{"embeddable":true,"href":"https:\/\/irankiuzona.lt\/ru\/wp-json\/wp\/v2\/comments?post=406521"}],"version-history":[{"count":0,"href":"https:\/\/irankiuzona.lt\/ru\/wp-json\/wp\/v2\/product\/406521\/revisions"}],"wp:featuredmedia":[{"embeddable":true,"href":"https:\/\/irankiuzona.lt\/ru\/wp-json\/wp\/v2\/media\/237293"}],"wp:attachment":[{"href":"https:\/\/irankiuzona.lt\/ru\/wp-json\/wp\/v2\/media?parent=406521"}],"wp:term":[{"taxonomy":"product_cat","embeddable":true,"href":"https:\/\/irankiuzona.lt\/ru\/wp-json\/wp\/v2\/product_cat?post=406521"},{"taxonomy":"product_tag","embeddable":true,"href":"https:\/\/irankiuzona.lt\/ru\/wp-json\/wp\/v2\/product_tag?post=406521"}],"curies":[{"name":"wp","href":"https:\/\/api.w.org\/{rel}","templated":true}]}}