{"id":406533,"date":"2025-07-04T06:46:40","date_gmt":"2025-07-04T06:46:40","guid":{"rendered":"https:\/\/irankiuzona.lt\/product\/universalus-uzvalkalai-sunkvezimio-salonui-5dalys\/"},"modified":"2025-07-04T06:46:40","modified_gmt":"2025-07-04T06:46:40","slug":"universalus-uzvalkalai-sunkvezimio-salonui-5dalys","status":"publish","type":"product","link":"https:\/\/irankiuzona.lt\/ru\/product\/universalus-uzvalkalai-sunkvezimio-salonui-5dalys\/","title":{"rendered":"Universal\u016bs u\u017evalkalai sunkve\u017eimio salonui \/ 5dalys"},"content":{"rendered":"<p>1 vnt. Vairo u\u017evalkalas su gumyt\u0117mis1 vnt. S\u0117dyn\u0117s u\u017evalkalas1 vnt. B\u0117gi\u0173 svirtel\u0117s mai\u0161elis1 vnt. Rankinio stabd\u017eio mai\u0161elis1 vnt. Koj\u0173 kilim\u0117lis<\/p>","protected":false},"excerpt":{"rendered":"<p>Apsauginiai universal\u016bs u\u017evalkalai salonui nuo i\u0161purvinim\u0173 \/ 5dalys<\/p>","protected":false},"featured_media":401480,"comment_status":"open","ping_status":"open","template":"","meta":[],"product_cat":[9697],"product_tag":[9435],"class_list":{"0":"post-406533","1":"product","2":"type-product","3":"status-publish","4":"has-post-thumbnail","6":"product_brand-kinija","7":"product_cat-aksesuarai-automobiliams","8":"product_tag-kinija","10":"first","11":"instock","12":"purchasable","13":"product-type-simple"},"jetpack_sharing_enabled":true,"_links":{"self":[{"href":"https:\/\/irankiuzona.lt\/ru\/wp-json\/wp\/v2\/product\/406533","targetHints":{"allow":["GET"]}}],"collection":[{"href":"https:\/\/irankiuzona.lt\/ru\/wp-json\/wp\/v2\/product"}],"about":[{"href":"https:\/\/irankiuzona.lt\/ru\/wp-json\/wp\/v2\/types\/product"}],"replies":[{"embeddable":true,"href":"https:\/\/irankiuzona.lt\/ru\/wp-json\/wp\/v2\/comments?post=406533"}],"version-history":[{"count":0,"href":"https:\/\/irankiuzona.lt\/ru\/wp-json\/wp\/v2\/product\/406533\/revisions"}],"wp:featuredmedia":[{"embeddable":true,"href":"https:\/\/irankiuzona.lt\/ru\/wp-json\/wp\/v2\/media\/401480"}],"wp:attachment":[{"href":"https:\/\/irankiuzona.lt\/ru\/wp-json\/wp\/v2\/media?parent=406533"}],"wp:term":[{"taxonomy":"product_cat","embeddable":true,"href":"https:\/\/irankiuzona.lt\/ru\/wp-json\/wp\/v2\/product_cat?post=406533"},{"taxonomy":"product_tag","embeddable":true,"href":"https:\/\/irankiuzona.lt\/ru\/wp-json\/wp\/v2\/product_tag?post=406533"}],"curies":[{"name":"wp","href":"https:\/\/api.w.org\/{rel}","templated":true}]}}