{"id":406563,"date":"2025-07-04T07:56:57","date_gmt":"2025-07-04T07:56:57","guid":{"rendered":"https:\/\/irankiuzona.lt\/product\/sepetys-plokscias-75mm\/"},"modified":"2025-07-04T07:56:58","modified_gmt":"2025-07-04T07:56:58","slug":"sepetys-plokscias-75mm","status":"publish","type":"product","link":"https:\/\/irankiuzona.lt\/ru\/product\/sepetys-plokscias-75mm\/","title":{"rendered":"\u0160epetys plok\u0161\u010dias 75mm"},"content":{"rendered":"<p>Characteristic<\/p>\n<p>for the drill;<br \/>\nsteel wire;<br \/>\nequipped with a dense, high-quality crimped wire, which allows you to achieve high efficiency during cleaning and in other works;<br \/>\nwire diameter 0.3 mm;<br \/>\nmax. revolutions 4500 RPM.<\/p>","protected":false},"excerpt":{"rendered":"<p>\u0160epetys plok\u0161\u010dias 75mm<\/p>","protected":false},"featured_media":295932,"comment_status":"open","ping_status":"open","template":"","meta":[],"product_cat":[9450],"product_tag":[9969],"class_list":{"0":"post-406563","1":"product","2":"type-product","3":"status-publish","4":"has-post-thumbnail","6":"product_brand-hogert-technik-vokietija","7":"product_cat-sepeciai-greztuvui-slif-pj-irankiui","8":"product_tag-hogert-technik-vokietija","10":"first","11":"instock","12":"purchasable","13":"product-type-simple"},"jetpack_sharing_enabled":true,"_links":{"self":[{"href":"https:\/\/irankiuzona.lt\/ru\/wp-json\/wp\/v2\/product\/406563","targetHints":{"allow":["GET"]}}],"collection":[{"href":"https:\/\/irankiuzona.lt\/ru\/wp-json\/wp\/v2\/product"}],"about":[{"href":"https:\/\/irankiuzona.lt\/ru\/wp-json\/wp\/v2\/types\/product"}],"replies":[{"embeddable":true,"href":"https:\/\/irankiuzona.lt\/ru\/wp-json\/wp\/v2\/comments?post=406563"}],"version-history":[{"count":0,"href":"https:\/\/irankiuzona.lt\/ru\/wp-json\/wp\/v2\/product\/406563\/revisions"}],"wp:featuredmedia":[{"embeddable":true,"href":"https:\/\/irankiuzona.lt\/ru\/wp-json\/wp\/v2\/media\/295932"}],"wp:attachment":[{"href":"https:\/\/irankiuzona.lt\/ru\/wp-json\/wp\/v2\/media?parent=406563"}],"wp:term":[{"taxonomy":"product_cat","embeddable":true,"href":"https:\/\/irankiuzona.lt\/ru\/wp-json\/wp\/v2\/product_cat?post=406563"},{"taxonomy":"product_tag","embeddable":true,"href":"https:\/\/irankiuzona.lt\/ru\/wp-json\/wp\/v2\/product_tag?post=406563"}],"curies":[{"name":"wp","href":"https:\/\/api.w.org\/{rel}","templated":true}]}}