{"id":406605,"date":"2025-07-04T10:40:01","date_gmt":"2025-07-04T10:40:01","guid":{"rendered":"https:\/\/irankiuzona.lt\/product\/irankiu-vezimelis-tuscias-7stalciu-su-soninem-durim-kd1070\/"},"modified":"2025-10-12T08:35:24","modified_gmt":"2025-10-12T08:35:24","slug":"irankiu-vezimelis-tuscias-7stalciu-su-soninem-durim-kd1070","status":"publish","type":"product","link":"https:\/\/irankiuzona.lt\/ru\/product\/irankiu-vezimelis-tuscias-7stalciu-su-soninem-durim-kd1070\/","title":{"rendered":"\u012eranki\u0173 ve\u017eim\u0117lis tu\u0161\u010dias 7stal\u010di\u0173 su \u0161onin\u0117m durim (KD1070)"},"content":{"rendered":"<p>Auk\u0161tis 72cm \/ 87,5cm su ratukaisIlgis 76,5cm \/ 84,5cm su rankenaGylis 46cmStal\u010diai:1-6 siauresni stal\u010diai:Stal\u010diaus plotis: 53 cmStal\u010diaus gylis: 39 cmStal\u010di\u0173 auk\u0161tis: 5 cm7 auk\u0161tesnis stal\u010dius:Stal\u010diaus plotis: 53 cmStal\u010diaus gylis: 39 cmStal\u010diaus auk\u0161tis: 19 cmSvoris: 49kg.<\/p>","protected":false},"excerpt":{"rendered":"<p>KD1070 Platesn\u0117 \u012franki\u0173 spintel\u0117 ant ratuk\u0173 7 stal\u010di\u0173 su \u0161onine talpa daiktams, tu\u0161\u010dia-be \u012franki\u0173<\/p>","protected":false},"featured_media":267467,"comment_status":"open","ping_status":"open","template":"","meta":[],"product_cat":[9943],"product_tag":[10104],"class_list":{"0":"post-406605","1":"product","2":"type-product","3":"status-publish","4":"has-post-thumbnail","6":"product_brand-kraftdele","7":"product_cat-vezimeliai-irankiu-spintos","8":"product_tag-kraftdele","10":"first","11":"outofstock","12":"purchasable","13":"product-type-simple"},"jetpack_sharing_enabled":true,"_links":{"self":[{"href":"https:\/\/irankiuzona.lt\/ru\/wp-json\/wp\/v2\/product\/406605","targetHints":{"allow":["GET"]}}],"collection":[{"href":"https:\/\/irankiuzona.lt\/ru\/wp-json\/wp\/v2\/product"}],"about":[{"href":"https:\/\/irankiuzona.lt\/ru\/wp-json\/wp\/v2\/types\/product"}],"replies":[{"embeddable":true,"href":"https:\/\/irankiuzona.lt\/ru\/wp-json\/wp\/v2\/comments?post=406605"}],"version-history":[{"count":0,"href":"https:\/\/irankiuzona.lt\/ru\/wp-json\/wp\/v2\/product\/406605\/revisions"}],"wp:featuredmedia":[{"embeddable":true,"href":"https:\/\/irankiuzona.lt\/ru\/wp-json\/wp\/v2\/media\/267467"}],"wp:attachment":[{"href":"https:\/\/irankiuzona.lt\/ru\/wp-json\/wp\/v2\/media?parent=406605"}],"wp:term":[{"taxonomy":"product_cat","embeddable":true,"href":"https:\/\/irankiuzona.lt\/ru\/wp-json\/wp\/v2\/product_cat?post=406605"},{"taxonomy":"product_tag","embeddable":true,"href":"https:\/\/irankiuzona.lt\/ru\/wp-json\/wp\/v2\/product_tag?post=406605"}],"curies":[{"name":"wp","href":"https:\/\/api.w.org\/{rel}","templated":true}]}}