{"id":406615,"date":"2025-07-04T10:53:09","date_gmt":"2025-07-04T10:53:09","guid":{"rendered":"https:\/\/irankiuzona.lt\/product\/sepetys-o-150mm-x-32mm-plokscias\/"},"modified":"2025-07-04T10:53:09","modified_gmt":"2025-07-04T10:53:09","slug":"sepetys-o-150mm-x-32mm-plokscias","status":"publish","type":"product","link":"https:\/\/irankiuzona.lt\/ru\/product\/sepetys-o-150mm-x-32mm-plokscias\/","title":{"rendered":"\u0160epetys \u00d8 150mm x 32mm \/ plok\u0161\u010dias"},"content":{"rendered":"<p>\u00d8 150 mm x 32 mm<\/p>","protected":false},"excerpt":{"rendered":"<p>Plok\u0161\u010dias plieninis \u0161epetys, \u0161lifavimo diskas \u00a0\u00d8150mm x 32mm<\/p>","protected":false},"featured_media":387097,"comment_status":"open","ping_status":"open","template":"","meta":[],"product_cat":[9450],"product_tag":[9969],"class_list":{"0":"post-406615","1":"product","2":"type-product","3":"status-publish","4":"has-post-thumbnail","6":"product_brand-hogert-technik-vokietija","7":"product_cat-sepeciai-greztuvui-slif-pj-irankiui","8":"product_tag-hogert-technik-vokietija","10":"first","11":"instock","12":"purchasable","13":"product-type-simple"},"jetpack_sharing_enabled":true,"_links":{"self":[{"href":"https:\/\/irankiuzona.lt\/ru\/wp-json\/wp\/v2\/product\/406615","targetHints":{"allow":["GET"]}}],"collection":[{"href":"https:\/\/irankiuzona.lt\/ru\/wp-json\/wp\/v2\/product"}],"about":[{"href":"https:\/\/irankiuzona.lt\/ru\/wp-json\/wp\/v2\/types\/product"}],"replies":[{"embeddable":true,"href":"https:\/\/irankiuzona.lt\/ru\/wp-json\/wp\/v2\/comments?post=406615"}],"version-history":[{"count":0,"href":"https:\/\/irankiuzona.lt\/ru\/wp-json\/wp\/v2\/product\/406615\/revisions"}],"wp:featuredmedia":[{"embeddable":true,"href":"https:\/\/irankiuzona.lt\/ru\/wp-json\/wp\/v2\/media\/387097"}],"wp:attachment":[{"href":"https:\/\/irankiuzona.lt\/ru\/wp-json\/wp\/v2\/media?parent=406615"}],"wp:term":[{"taxonomy":"product_cat","embeddable":true,"href":"https:\/\/irankiuzona.lt\/ru\/wp-json\/wp\/v2\/product_cat?post=406615"},{"taxonomy":"product_tag","embeddable":true,"href":"https:\/\/irankiuzona.lt\/ru\/wp-json\/wp\/v2\/product_tag?post=406615"}],"curies":[{"name":"wp","href":"https:\/\/api.w.org\/{rel}","templated":true}]}}