{"id":406619,"date":"2025-07-04T10:54:01","date_gmt":"2025-07-04T10:54:01","guid":{"rendered":"https:\/\/irankiuzona.lt\/product\/sepetys-vielinis-o-100mm-plokscias\/"},"modified":"2025-07-04T10:54:02","modified_gmt":"2025-07-04T10:54:02","slug":"sepetys-vielinis-o-100mm-plokscias","status":"publish","type":"product","link":"https:\/\/irankiuzona.lt\/ru\/product\/sepetys-vielinis-o-100mm-plokscias\/","title":{"rendered":"\u0160epetys vielinis \u00d8 100mm \/ plok\u0161\u010dias"},"content":{"rendered":"","protected":false},"excerpt":{"rendered":"<p>\u0160epetys vielinis \u00d8 100mm \/ plok\u0161\u010dias<\/p>","protected":false},"featured_media":269020,"comment_status":"open","ping_status":"open","template":"","meta":[],"product_cat":[9450],"product_tag":[9969],"class_list":{"0":"post-406619","1":"product","2":"type-product","3":"status-publish","4":"has-post-thumbnail","6":"product_brand-hogert-technik-vokietija","7":"product_cat-sepeciai-greztuvui-slif-pj-irankiui","8":"product_tag-hogert-technik-vokietija","10":"first","11":"instock","12":"purchasable","13":"product-type-simple"},"jetpack_sharing_enabled":true,"_links":{"self":[{"href":"https:\/\/irankiuzona.lt\/ru\/wp-json\/wp\/v2\/product\/406619","targetHints":{"allow":["GET"]}}],"collection":[{"href":"https:\/\/irankiuzona.lt\/ru\/wp-json\/wp\/v2\/product"}],"about":[{"href":"https:\/\/irankiuzona.lt\/ru\/wp-json\/wp\/v2\/types\/product"}],"replies":[{"embeddable":true,"href":"https:\/\/irankiuzona.lt\/ru\/wp-json\/wp\/v2\/comments?post=406619"}],"version-history":[{"count":0,"href":"https:\/\/irankiuzona.lt\/ru\/wp-json\/wp\/v2\/product\/406619\/revisions"}],"wp:featuredmedia":[{"embeddable":true,"href":"https:\/\/irankiuzona.lt\/ru\/wp-json\/wp\/v2\/media\/269020"}],"wp:attachment":[{"href":"https:\/\/irankiuzona.lt\/ru\/wp-json\/wp\/v2\/media?parent=406619"}],"wp:term":[{"taxonomy":"product_cat","embeddable":true,"href":"https:\/\/irankiuzona.lt\/ru\/wp-json\/wp\/v2\/product_cat?post=406619"},{"taxonomy":"product_tag","embeddable":true,"href":"https:\/\/irankiuzona.lt\/ru\/wp-json\/wp\/v2\/product_tag?post=406619"}],"curies":[{"name":"wp","href":"https:\/\/api.w.org\/{rel}","templated":true}]}}