{"id":406621,"date":"2025-07-04T11:02:09","date_gmt":"2025-07-04T11:02:09","guid":{"rendered":"https:\/\/irankiuzona.lt\/product\/transportavimo-platforma-103x79mm-150kg\/"},"modified":"2025-07-04T11:02:09","modified_gmt":"2025-07-04T11:02:09","slug":"transportavimo-platforma-103x79mm-150kg","status":"publish","type":"product","link":"https:\/\/irankiuzona.lt\/ru\/product\/transportavimo-platforma-103x79mm-150kg\/","title":{"rendered":"Transportavimo platforma 103x79mm 150kg"},"content":{"rendered":"<p>Maksimali apkrova 150kgSukurtas kietiems pavir\u0161iamsMed\u017eiaga: PS Gaminys turi 60 mm EVA pad\u0105<\/p>","protected":false},"excerpt":{"rendered":"<p>Transportavimo ratukai 103x79mm 150kg<\/p>","protected":false},"featured_media":269748,"comment_status":"open","ping_status":"open","template":"","meta":[],"product_cat":[9670],"product_tag":[9646],"class_list":{"0":"post-406621","1":"product","2":"type-product","3":"status-publish","4":"has-post-thumbnail","6":"product_brand-drel-lenkija","7":"product_cat-transportavimo-vezimai","8":"product_tag-drel-lenkija","10":"first","11":"instock","12":"purchasable","13":"product-type-simple"},"jetpack_sharing_enabled":true,"_links":{"self":[{"href":"https:\/\/irankiuzona.lt\/ru\/wp-json\/wp\/v2\/product\/406621","targetHints":{"allow":["GET"]}}],"collection":[{"href":"https:\/\/irankiuzona.lt\/ru\/wp-json\/wp\/v2\/product"}],"about":[{"href":"https:\/\/irankiuzona.lt\/ru\/wp-json\/wp\/v2\/types\/product"}],"replies":[{"embeddable":true,"href":"https:\/\/irankiuzona.lt\/ru\/wp-json\/wp\/v2\/comments?post=406621"}],"version-history":[{"count":0,"href":"https:\/\/irankiuzona.lt\/ru\/wp-json\/wp\/v2\/product\/406621\/revisions"}],"wp:featuredmedia":[{"embeddable":true,"href":"https:\/\/irankiuzona.lt\/ru\/wp-json\/wp\/v2\/media\/269748"}],"wp:attachment":[{"href":"https:\/\/irankiuzona.lt\/ru\/wp-json\/wp\/v2\/media?parent=406621"}],"wp:term":[{"taxonomy":"product_cat","embeddable":true,"href":"https:\/\/irankiuzona.lt\/ru\/wp-json\/wp\/v2\/product_cat?post=406621"},{"taxonomy":"product_tag","embeddable":true,"href":"https:\/\/irankiuzona.lt\/ru\/wp-json\/wp\/v2\/product_tag?post=406621"}],"curies":[{"name":"wp","href":"https:\/\/api.w.org\/{rel}","templated":true}]}}